{"id":19582,"date":"2022-01-03T10:06:45","date_gmt":"2022-01-03T10:06:45","guid":{"rendered":"https:\/\/antoniopalenzuela.com\/?page_id=19582"},"modified":"2024-01-14T17:12:09","modified_gmt":"2024-01-14T17:12:09","slug":"algeciras","status":"publish","type":"page","link":"https:\/\/antoniopalenzuela.com\/index.php\/algeciras\/","title":{"rendered":"algeciras"},"content":{"rendered":"\t\t<div data-elementor-type=\"wp-page\" data-elementor-id=\"19582\" class=\"elementor elementor-19582\">\n\t\t\t\t\t\t<div class=\"elementor-inner\">\n\t\t\t\t<div class=\"elementor-section-wrap\">\n\t\t\t\t\t\t\t\t\t<section class=\"elementor-section elementor-top-section elementor-element elementor-element-cc629c9 elementor-section-boxed elementor-section-height-default elementor-section-height-default parallax_section_no qode_elementor_container_no\" data-id=\"cc629c9\" data-element_type=\"section\">\n\t\t\t\t\t\t<div class=\"elementor-container elementor-column-gap-default\">\n\t\t\t\t\t\t\t<div class=\"elementor-row\">\n\t\t\t\t\t<div class=\"elementor-column elementor-col-100 elementor-top-column elementor-element elementor-element-69a9f3a\" data-id=\"69a9f3a\" data-element_type=\"column\">\n\t\t\t<div class=\"elementor-column-wrap elementor-element-populated\">\n\t\t\t\t\t\t\t<div class=\"elementor-widget-wrap\">\n\t\t\t\t\t\t<div class=\"elementor-element elementor-element-5d3f5c7 elementor-arrows-position-inside elementor-widget elementor-widget-image-carousel\" data-id=\"5d3f5c7\" data-element_type=\"widget\" data-settings=\"{&quot;slides_to_show&quot;:&quot;1&quot;,&quot;navigation&quot;:&quot;arrows&quot;,&quot;autoplay&quot;:&quot;no&quot;,&quot;infinite&quot;:&quot;no&quot;,&quot;speed&quot;:400,&quot;effect&quot;:&quot;slide&quot;}\" data-widget_type=\"image-carousel.default\">\n\t\t\t\t<div class=\"elementor-widget-container\">\n\t\t\t\t\t<div class=\"elementor-image-carousel-wrapper swiper-container\" dir=\"ltr\">\n\t\t\t<div class=\"elementor-image-carousel swiper-wrapper\">\n\t\t\t\t\t\t\t\t<div class=\"swiper-slide\"><figure class=\"swiper-slide-inner\"><img class=\"swiper-slide-image\" src=\"https:\/\/antoniopalenzuela.com\/wp-content\/uploads\/elementor\/thumbs\/9123_01re-scaled-pjvau28uzej4olyxqyemzzqh3z9lee2ibtgtkkltaq.jpg\" alt=\"9123_01re\" \/><\/figure><\/div><div class=\"swiper-slide\"><figure class=\"swiper-slide-inner\"><img class=\"swiper-slide-image\" src=\"https:\/\/antoniopalenzuela.com\/wp-content\/uploads\/elementor\/thumbs\/002-scaled-pkw98ie6rsf5d6m0t3emvhu0ojmj1ypkvburfd12fm.jpg\" alt=\"002\" \/><\/figure><\/div><div class=\"swiper-slide\"><figure class=\"swiper-slide-inner\"><img class=\"swiper-slide-image\" src=\"https:\/\/antoniopalenzuela.com\/wp-content\/uploads\/elementor\/thumbs\/003-scaled-pkw98xflt4zqiy06d9wnze1e6pkeh4da9eaj3sero2.jpg\" alt=\"003\" \/><\/figure><\/div><div class=\"swiper-slide\"><figure class=\"swiper-slide-inner\"><img class=\"swiper-slide-image\" src=\"https:\/\/antoniopalenzuela.com\/wp-content\/uploads\/elementor\/thumbs\/0_05-pibn8778wy6r1qmbhfbyypmz2q6dftikq5a4as9sb6.jpg\" alt=\"0_05\" \/><\/figure><\/div><div class=\"swiper-slide\"><figure class=\"swiper-slide-inner\"><img class=\"swiper-slide-image\" src=\"https:\/\/antoniopalenzuela.com\/wp-content\/uploads\/elementor\/thumbs\/0_04-pibn85bkja46eip1seiptq41vyfn0fb41vz5c8cknm.jpg\" alt=\"0_04\" \/><\/figure><\/div><div class=\"swiper-slide\"><figure class=\"swiper-slide-inner\"><img class=\"swiper-slide-image\" src=\"https:\/\/antoniopalenzuela.com\/wp-content\/uploads\/elementor\/thumbs\/0_08-pibn8glmtajm9u8nyje8nn9l0kw1ksjw3fsz3jvuky.jpg\" alt=\"0_08\" \/><\/figure><\/div><div class=\"swiper-slide\"><figure class=\"swiper-slide-inner\"><img class=\"swiper-slide-image\" src=\"https:\/\/antoniopalenzuela.com\/wp-content\/uploads\/elementor\/thumbs\/007-scaled-pkw9c362s3bfjreyx52iv3c62bztchwt118a69q4r6.jpg\" alt=\"007\" \/><\/figure><\/div><div class=\"swiper-slide\"><figure class=\"swiper-slide-inner\"><img class=\"swiper-slide-image\" src=\"https:\/\/antoniopalenzuela.com\/wp-content\/uploads\/elementor\/thumbs\/006-scaled-pkw99ooxbc11vmwky3ouhp5revu1ocdi157m0tacnm.jpg\" alt=\"006\" \/><\/figure><\/div><div class=\"swiper-slide\"><figure class=\"swiper-slide-inner\"><img class=\"swiper-slide-image\" src=\"https:\/\/antoniopalenzuela.com\/wp-content\/uploads\/elementor\/thumbs\/0_09-pibn8jf5dsnh8o4ki2m4d4jysqi57vv33trfjdro2a.jpg\" alt=\"0_09\" \/><\/figure><\/div><div class=\"swiper-slide\"><figure class=\"swiper-slide-inner\"><img class=\"swiper-slide-image\" src=\"https:\/\/antoniopalenzuela.com\/wp-content\/uploads\/elementor\/thumbs\/0_12-pibn8stja50cgrqwz6oe226kql7tcuweh4aac5dqc2.jpg\" alt=\"0_12\" \/><\/figure><\/div><div class=\"swiper-slide\"><figure class=\"swiper-slide-inner\"><img class=\"swiper-slide-image\" src=\"https:\/\/antoniopalenzuela.com\/wp-content\/uploads\/elementor\/thumbs\/005-scaled-pkw9b938pe6988mnss2gnaxf2042i6le8wcqteyqaa.jpg\" alt=\"005\" \/><\/figure><\/div><div class=\"swiper-slide\"><figure class=\"swiper-slide-inner\"><img class=\"swiper-slide-image\" src=\"https:\/\/antoniopalenzuela.com\/wp-content\/uploads\/elementor\/thumbs\/0_11-pibn8p26isv76bwdl51vs34qd1qci2hh4locf1jb0y.jpg\" alt=\"0_11\" \/><\/figure><\/div><div class=\"swiper-slide\"><figure class=\"swiper-slide-inner\"><img class=\"swiper-slide-image\" src=\"https:\/\/antoniopalenzuela.com\/wp-content\/uploads\/elementor\/thumbs\/0_10-pibn8m8nyarc7i0h1lu02luckw48uz6a47pvz7nhjm.jpg\" alt=\"0_10\" \/><\/figure><\/div><div class=\"swiper-slide\"><figure class=\"swiper-slide-inner\"><img class=\"swiper-slide-image\" src=\"https:\/\/antoniopalenzuela.com\/wp-content\/uploads\/elementor\/thumbs\/0_06-pibn8ayloabwc6guvgyh8ootg9nualxi2nw27w47ma.jpg\" alt=\"0_06\" \/><\/figure><\/div>\t\t\t<\/div>\n\t\t\t\t\t\t\t\t\t\t\t\t\t\t\t\t<div class=\"elementor-swiper-button elementor-swiper-button-prev\">\n\t\t\t\t\t\t<i aria-hidden=\"true\" class=\"eicon-chevron-left\"><\/i>\t\t\t\t\t\t<span class=\"elementor-screen-only\">Anterior<\/span>\n\t\t\t\t\t<\/div>\n\t\t\t\t\t<div class=\"elementor-swiper-button elementor-swiper-button-next\">\n\t\t\t\t\t\t<i aria-hidden=\"true\" class=\"eicon-chevron-right\"><\/i>\t\t\t\t\t\t<span class=\"elementor-screen-only\">Siguiente<\/span>\n\t\t\t\t\t<\/div>\n\t\t\t\t\t\t\t\t\t<\/div>\n\t\t\t\t<\/div>\n\t\t\t\t<\/div>\n\t\t\t\t\t\t<\/div>\n\t\t\t\t\t<\/div>\n\t\t<\/div>\n\t\t\t\t\t\t\t\t<\/div>\n\t\t\t\t\t<\/div>\n\t\t<\/section>\n\t\t\t\t<section class=\"elementor-section elementor-top-section elementor-element elementor-element-1a286ca elementor-section-boxed elementor-section-height-default elementor-section-height-default parallax_section_no qode_elementor_container_no\" data-id=\"1a286ca\" data-element_type=\"section\">\n\t\t\t\t\t\t<div class=\"elementor-container elementor-column-gap-default\">\n\t\t\t\t\t\t\t<div class=\"elementor-row\">\n\t\t\t\t\t<div class=\"elementor-column elementor-col-66 elementor-top-column elementor-element elementor-element-382e0a0\" data-id=\"382e0a0\" data-element_type=\"column\">\n\t\t\t<div class=\"elementor-column-wrap elementor-element-populated\">\n\t\t\t\t\t\t\t<div class=\"elementor-widget-wrap\">\n\t\t\t\t\t\t<div class=\"elementor-element elementor-element-8f7ac4b elementor-widget elementor-widget-text-editor\" data-id=\"8f7ac4b\" data-element_type=\"widget\" data-widget_type=\"text-editor.default\">\n\t\t\t\t<div class=\"elementor-widget-container\">\n\t\t\t\t\t\t\t\t<div class=\"elementor-text-editor elementor-clearfix\">\n\t\t\t\t<h1>colegio Puerta del Mar<\/h1><h1>Algeciras (C\u00e1diz)<\/h1><h2>2022<\/h2><p>\u00a0<\/p><p>La nueva ampliaci\u00f3n del CEIP Puerta del Mar de Algeciras surge como una pieza individual, diferenciada del resto de la edificaci\u00f3n tanto desde el punto de vista material como crom\u00e1tico y que va a actuar como una r\u00f3tula de comunicaci\u00f3n entre las dos alas del colegio existente. El colegio era una edificaci\u00f3n de los a\u00f1os setenta que se concibi\u00f3 para albergar una residencia estudiantil.<\/p><p>\u00a0 \u00a0 Posteriormente, sobre los a\u00f1os noventa se cambi\u00f3 su uso al actual colegio de educaci\u00f3n infantil y primaria. Esta circunstancia es la que origina una tipolog\u00eda edificatoria no apta para el uso al que se destina actualmente, ya que el edificio tiene cuatro plantas y diferencias de cota entre las mismas plantas que generan un acusado problema de accesibilidad y comunicaci\u00f3n entre los diferentes aulas y espacios destinados al alumnado, afectando especialmente a los m\u00e1s peque\u00f1os.<\/p><p>\u00a0 \u00a0 En este preciso punto nace la necesidad de la intervenci\u00f3n planteada, que mediante una construcci\u00f3n aut\u00f3noma de cuatro plantas que contiene un sistema de rampas accesibles y un ascensor se da cobertura al problema de accesibilidad del edificio existente. Este nuevo volumen reclama su propia identidad, no quiere mimetizar con la construcci\u00f3n existente, destacando su funci\u00f3n por medio de una materialidad propia, sin obviar criterios de mantenimiento y durabilidad, de ah\u00ed la elecci\u00f3n del ladrillo visto como material que a\u00fana tanto la solidez como la est\u00e9tica.<\/p><p>\u00a0 \u00a0 El nuevo prisma de ladrillo cara visto esmaltado en color verde, se concibe como un volumen abstracto y silencioso, pero con claras reminiscencias al lugar donde se implanta, la antigua Al-Yazirat (Algeciras) y lo que con ello implica la lectura de los or\u00edgenes de la ciudad desde su fundaci\u00f3n conocida como \u201cla Isla Verde\u201d, y el uso de la cer\u00e1mica y el vidriado en la antigua Al-Andalus y por ende en toda la pen\u00ednsula ib\u00e9rica y la cultura mediterr\u00e1nea en general.<\/p><p>\u00a0 \u00a0 La homogeneidad del ladrillo cara vista empleado en el volumen proyectado para todas las fachadas, que adem\u00e1s se va convirtiendo en celos\u00eda en las ventanas, conforman una unidad elemental que permite ofrecer un gran nivel de abstracci\u00f3n, una imagen cuasi-escult\u00f3rica de la pieza. Mediante el aparejo a modo de celos\u00eda, se garantiza la entrada de luz natural asegurando un cerramiento seguro que ayuda a proteger de la radiaci\u00f3n solar en verano, mejorando el comportamiento clim\u00e1tico.\u00a0<\/p>\t\t\t\t\t<\/div>\n\t\t\t\t\t\t<\/div>\n\t\t\t\t<\/div>\n\t\t\t\t\t\t<\/div>\n\t\t\t\t\t<\/div>\n\t\t<\/div>\n\t\t\t\t<div class=\"elementor-column elementor-col-33 elementor-top-column elementor-element elementor-element-59ca183\" data-id=\"59ca183\" data-element_type=\"column\">\n\t\t\t<div class=\"elementor-column-wrap elementor-element-populated\">\n\t\t\t\t\t\t\t<div class=\"elementor-widget-wrap\">\n\t\t\t\t\t\t<div class=\"elementor-element elementor-element-02b8a47 elementor-widget elementor-widget-text-editor\" data-id=\"02b8a47\" data-element_type=\"widget\" data-widget_type=\"text-editor.default\">\n\t\t\t\t<div class=\"elementor-widget-container\">\n\t\t\t\t\t\t\t\t<div class=\"elementor-text-editor elementor-clearfix\">\n\t\t\t\t<h2><em>The new extension of the Puerta del Mar School in Algeciras (Spain) is an individual piece that differs in material and color from the original building. <\/em><em>The new extension joins two parts of the old school, which was a seventies construction built as a student residence. <\/em><em>In the nineties, the residence was turned into a kindergarten and elementary school. Therefore, this typology is not usual in school buildings, since it is a four-story building with different heights between them, which causes problems of accessibility and communication between classrooms. <\/em><em>For this reason, the new building is planned as an individual construction with ramps and an elevator as a solution to accessibility problems. The new volume does not want to merge with its surroundings, it has its own materiality. For this purpose, exposed brick was chosen as a material that combines solidity and aesthetics. <\/em><em>The new prism is built with bright green exposed brick and is an abstract and silent volume but influenced by the Islamic past of Algeciras, in ancient times known as Green Island. the brightness is due to the glazed brick has been used since ancient times in Spain and in the Mediterranean culture. <\/em><em>All the facades are built with glazed exposed brick, in addition they become lattice in front of the windows, forming an almost sculptural image. The lattices are a secure facade that allows natural light to enter the interior of the building, in addition to protecting from the sun in summer to achieve a better climatic performance.\u00a0<\/em><\/h2><h2>\u00a0<\/h2>\t\t\t\t\t<\/div>\n\t\t\t\t\t\t<\/div>\n\t\t\t\t<\/div>\n\t\t\t\t\t\t<\/div>\n\t\t\t\t\t<\/div>\n\t\t<\/div>\n\t\t\t\t\t\t\t\t<\/div>\n\t\t\t\t\t<\/div>\n\t\t<\/section>\n\t\t\t\t<section class=\"elementor-section elementor-top-section elementor-element elementor-element-26c3a47 elementor-section-boxed elementor-section-height-default elementor-section-height-default parallax_section_no qode_elementor_container_no\" data-id=\"26c3a47\" data-element_type=\"section\">\n\t\t\t\t\t\t<div class=\"elementor-container elementor-column-gap-default\">\n\t\t\t\t\t\t\t<div class=\"elementor-row\">\n\t\t\t\t\t<div class=\"elementor-column elementor-col-100 elementor-top-column elementor-element elementor-element-cf6e718\" data-id=\"cf6e718\" data-element_type=\"column\">\n\t\t\t<div class=\"elementor-column-wrap elementor-element-populated\">\n\t\t\t\t\t\t\t<div class=\"elementor-widget-wrap\">\n\t\t\t\t\t\t<div class=\"elementor-element elementor-element-e2d32a0 elementor-widget elementor-widget-text-editor\" data-id=\"e2d32a0\" data-element_type=\"widget\" data-widget_type=\"text-editor.default\">\n\t\t\t\t<div class=\"elementor-widget-container\">\n\t\t\t\t\t\t\t\t<div class=\"elementor-text-editor elementor-clearfix\">\n\t\t\t\t<h2>Promotor:\u00a0 \u00a0 \u00a0 \u00a0Junta de Andaluc\u00eda<\/h2><h2>Presupuesto:\u00a0 926.789,85 \u20ac<\/h2><h2>Superficie:\u00a0 \u00a0 \u00a0 600,00 m2 (nueva planta)+1.143,00 m2 (reforma)<\/h2><h2>Fotograf\u00eda:\u00a0 \u00a0 \u00a0\u00a9Fernando Alda<\/h2><h2 style=\"text-align: justify;\"><span style=\"mso-ansi-language: ES-TRAD;\">\u00a0<\/span><\/h2><p style=\"text-align: justify;\"><span style=\"mso-ansi-language: ES-TRAD;\">\u00a0<\/span><\/p>\t\t\t\t\t<\/div>\n\t\t\t\t\t\t<\/div>\n\t\t\t\t<\/div>\n\t\t\t\t\t\t<\/div>\n\t\t\t\t\t<\/div>\n\t\t<\/div>\n\t\t\t\t\t\t\t\t<\/div>\n\t\t\t\t\t<\/div>\n\t\t<\/section>\n\t\t\t\t\t\t\t\t\t<\/div>\n\t\t\t<\/div>\n\t\t\t\t\t<\/div>\n\t\t","protected":false},"excerpt":{"rendered":"<p>Anterior Siguiente colegio Puerta del Mar Algeciras (C\u00e1diz) 2022 \u00a0 La nueva ampliaci\u00f3n del CEIP Puerta del Mar de Algeciras surge como una pieza individual, diferenciada del resto de la edificaci\u00f3n tanto desde el punto de vista material como crom\u00e1tico y que va a actuar&#8230;<\/p>\n","protected":false},"author":1,"featured_media":0,"parent":0,"menu_order":0,"comment_status":"closed","ping_status":"closed","template":"","meta":[],"yoast_head":"<!-- This site is optimized with the Yoast SEO plugin v18.4.1 - https:\/\/yoast.com\/wordpress\/plugins\/seo\/ -->\n<title>algeciras - PALENZVELA taller de arquitectura<\/title>\n<meta name=\"description\" content=\"estudio de arquitectura\" \/>\n<meta name=\"robots\" content=\"index, follow, max-snippet:-1, max-image-preview:large, max-video-preview:-1\" \/>\n<link rel=\"canonical\" href=\"https:\/\/antoniopalenzuela.com\/index.php\/algeciras\/\" \/>\n<meta property=\"og:locale\" content=\"es_ES\" \/>\n<meta property=\"og:type\" content=\"article\" \/>\n<meta property=\"og:title\" content=\"algeciras - PALENZVELA taller de arquitectura\" \/>\n<meta property=\"og:description\" content=\"estudio de arquitectura\" \/>\n<meta property=\"og:url\" content=\"https:\/\/antoniopalenzuela.com\/index.php\/algeciras\/\" \/>\n<meta property=\"og:site_name\" content=\"PALENZVELA taller de arquitectura\" \/>\n<meta property=\"article:modified_time\" content=\"2024-01-14T17:12:09+00:00\" \/>\n<meta property=\"og:image\" content=\"https:\/\/antoniopalenzuela.com\/wp-content\/uploads\/elementor\/thumbs\/9123_01re-scaled-pjvau28uzej4olyxqyemzzqh3z9lee2ibtgtkkltaq.jpg\" \/>\n<meta name=\"twitter:card\" content=\"summary_large_image\" \/>\n<meta name=\"twitter:label1\" content=\"Tiempo de lectura\" \/>\n\t<meta name=\"twitter:data1\" content=\"6 minutos\" \/>\n<script type=\"application\/ld+json\" class=\"yoast-schema-graph\">{\"@context\":\"https:\/\/schema.org\",\"@graph\":[{\"@type\":\"WebSite\",\"@id\":\"https:\/\/antoniopalenzuela.com\/#website\",\"url\":\"https:\/\/antoniopalenzuela.com\/\",\"name\":\"PALENZVELA taller de arquitectura\",\"description\":\"antonio palenzuela navarro arquitecto\",\"potentialAction\":[{\"@type\":\"SearchAction\",\"target\":{\"@type\":\"EntryPoint\",\"urlTemplate\":\"https:\/\/antoniopalenzuela.com\/?s={search_term_string}\"},\"query-input\":\"required name=search_term_string\"}],\"inLanguage\":\"es\"},{\"@type\":\"ImageObject\",\"@id\":\"https:\/\/antoniopalenzuela.com\/index.php\/algeciras\/#primaryimage\",\"inLanguage\":\"es\",\"url\":\"https:\/\/antoniopalenzuela.com\/wp-content\/uploads\/elementor\/thumbs\/9123_01re-scaled-pjvau28uzej4olyxqyemzzqh3z9lee2ibtgtkkltaq.jpg\",\"contentUrl\":\"https:\/\/antoniopalenzuela.com\/wp-content\/uploads\/elementor\/thumbs\/9123_01re-scaled-pjvau28uzej4olyxqyemzzqh3z9lee2ibtgtkkltaq.jpg\"},{\"@type\":\"WebPage\",\"@id\":\"https:\/\/antoniopalenzuela.com\/index.php\/algeciras\/#webpage\",\"url\":\"https:\/\/antoniopalenzuela.com\/index.php\/algeciras\/\",\"name\":\"algeciras - PALENZVELA taller de arquitectura\",\"isPartOf\":{\"@id\":\"https:\/\/antoniopalenzuela.com\/#website\"},\"primaryImageOfPage\":{\"@id\":\"https:\/\/antoniopalenzuela.com\/index.php\/algeciras\/#primaryimage\"},\"datePublished\":\"2022-01-03T10:06:45+00:00\",\"dateModified\":\"2024-01-14T17:12:09+00:00\",\"description\":\"estudio de arquitectura\",\"breadcrumb\":{\"@id\":\"https:\/\/antoniopalenzuela.com\/index.php\/algeciras\/#breadcrumb\"},\"inLanguage\":\"es\",\"potentialAction\":[{\"@type\":\"ReadAction\",\"target\":[\"https:\/\/antoniopalenzuela.com\/index.php\/algeciras\/\"]}]},{\"@type\":\"BreadcrumbList\",\"@id\":\"https:\/\/antoniopalenzuela.com\/index.php\/algeciras\/#breadcrumb\",\"itemListElement\":[{\"@type\":\"ListItem\",\"position\":1,\"name\":\"Home\",\"item\":\"https:\/\/antoniopalenzuela.com\/\"},{\"@type\":\"ListItem\",\"position\":2,\"name\":\"algeciras\"}]}]}<\/script>\n<!-- \/ Yoast SEO plugin. -->","yoast_head_json":{"title":"algeciras - PALENZVELA taller de arquitectura","description":"estudio de arquitectura","robots":{"index":"index","follow":"follow","max-snippet":"max-snippet:-1","max-image-preview":"max-image-preview:large","max-video-preview":"max-video-preview:-1"},"canonical":"https:\/\/antoniopalenzuela.com\/index.php\/algeciras\/","og_locale":"es_ES","og_type":"article","og_title":"algeciras - PALENZVELA taller de arquitectura","og_description":"estudio de arquitectura","og_url":"https:\/\/antoniopalenzuela.com\/index.php\/algeciras\/","og_site_name":"PALENZVELA taller de arquitectura","article_modified_time":"2024-01-14T17:12:09+00:00","og_image":[{"url":"https:\/\/antoniopalenzuela.com\/wp-content\/uploads\/elementor\/thumbs\/9123_01re-scaled-pjvau28uzej4olyxqyemzzqh3z9lee2ibtgtkkltaq.jpg"}],"twitter_card":"summary_large_image","twitter_misc":{"Tiempo de lectura":"6 minutos"},"schema":{"@context":"https:\/\/schema.org","@graph":[{"@type":"WebSite","@id":"https:\/\/antoniopalenzuela.com\/#website","url":"https:\/\/antoniopalenzuela.com\/","name":"PALENZVELA taller de arquitectura","description":"antonio palenzuela navarro arquitecto","potentialAction":[{"@type":"SearchAction","target":{"@type":"EntryPoint","urlTemplate":"https:\/\/antoniopalenzuela.com\/?s={search_term_string}"},"query-input":"required name=search_term_string"}],"inLanguage":"es"},{"@type":"ImageObject","@id":"https:\/\/antoniopalenzuela.com\/index.php\/algeciras\/#primaryimage","inLanguage":"es","url":"https:\/\/antoniopalenzuela.com\/wp-content\/uploads\/elementor\/thumbs\/9123_01re-scaled-pjvau28uzej4olyxqyemzzqh3z9lee2ibtgtkkltaq.jpg","contentUrl":"https:\/\/antoniopalenzuela.com\/wp-content\/uploads\/elementor\/thumbs\/9123_01re-scaled-pjvau28uzej4olyxqyemzzqh3z9lee2ibtgtkkltaq.jpg"},{"@type":"WebPage","@id":"https:\/\/antoniopalenzuela.com\/index.php\/algeciras\/#webpage","url":"https:\/\/antoniopalenzuela.com\/index.php\/algeciras\/","name":"algeciras - PALENZVELA taller de arquitectura","isPartOf":{"@id":"https:\/\/antoniopalenzuela.com\/#website"},"primaryImageOfPage":{"@id":"https:\/\/antoniopalenzuela.com\/index.php\/algeciras\/#primaryimage"},"datePublished":"2022-01-03T10:06:45+00:00","dateModified":"2024-01-14T17:12:09+00:00","description":"estudio de arquitectura","breadcrumb":{"@id":"https:\/\/antoniopalenzuela.com\/index.php\/algeciras\/#breadcrumb"},"inLanguage":"es","potentialAction":[{"@type":"ReadAction","target":["https:\/\/antoniopalenzuela.com\/index.php\/algeciras\/"]}]},{"@type":"BreadcrumbList","@id":"https:\/\/antoniopalenzuela.com\/index.php\/algeciras\/#breadcrumb","itemListElement":[{"@type":"ListItem","position":1,"name":"Home","item":"https:\/\/antoniopalenzuela.com\/"},{"@type":"ListItem","position":2,"name":"algeciras"}]}]}},"_links":{"self":[{"href":"https:\/\/antoniopalenzuela.com\/index.php\/wp-json\/wp\/v2\/pages\/19582"}],"collection":[{"href":"https:\/\/antoniopalenzuela.com\/index.php\/wp-json\/wp\/v2\/pages"}],"about":[{"href":"https:\/\/antoniopalenzuela.com\/index.php\/wp-json\/wp\/v2\/types\/page"}],"author":[{"embeddable":true,"href":"https:\/\/antoniopalenzuela.com\/index.php\/wp-json\/wp\/v2\/users\/1"}],"replies":[{"embeddable":true,"href":"https:\/\/antoniopalenzuela.com\/index.php\/wp-json\/wp\/v2\/comments?post=19582"}],"version-history":[{"count":60,"href":"https:\/\/antoniopalenzuela.com\/index.php\/wp-json\/wp\/v2\/pages\/19582\/revisions"}],"predecessor-version":[{"id":20098,"href":"https:\/\/antoniopalenzuela.com\/index.php\/wp-json\/wp\/v2\/pages\/19582\/revisions\/20098"}],"wp:attachment":[{"href":"https:\/\/antoniopalenzuela.com\/index.php\/wp-json\/wp\/v2\/media?parent=19582"}],"curies":[{"name":"wp","href":"https:\/\/api.w.org\/{rel}","templated":true}]}}