{"id":19051,"date":"2021-05-28T11:08:37","date_gmt":"2021-05-28T11:08:37","guid":{"rendered":"https:\/\/antoniopalenzuela.com\/?page_id=19051"},"modified":"2024-01-14T17:29:21","modified_gmt":"2024-01-14T17:29:21","slug":"jacaranda","status":"publish","type":"page","link":"https:\/\/antoniopalenzuela.com\/index.php\/jacaranda\/","title":{"rendered":"jacaranda"},"content":{"rendered":"\t\t<div data-elementor-type=\"wp-page\" data-elementor-id=\"19051\" class=\"elementor elementor-19051\">\n\t\t\t\t\t\t<div class=\"elementor-inner\">\n\t\t\t\t<div class=\"elementor-section-wrap\">\n\t\t\t\t\t\t\t\t\t<section class=\"elementor-section elementor-top-section elementor-element elementor-element-bb161f6 elementor-section-boxed elementor-section-height-default elementor-section-height-default parallax_section_no qode_elementor_container_no\" data-id=\"bb161f6\" data-element_type=\"section\">\n\t\t\t\t\t\t<div class=\"elementor-container elementor-column-gap-default\">\n\t\t\t\t\t\t\t<div class=\"elementor-row\">\n\t\t\t\t\t<div class=\"elementor-column elementor-col-100 elementor-top-column elementor-element elementor-element-f19ed7a\" data-id=\"f19ed7a\" data-element_type=\"column\">\n\t\t\t<div class=\"elementor-column-wrap elementor-element-populated\">\n\t\t\t\t\t\t\t<div class=\"elementor-widget-wrap\">\n\t\t\t\t\t\t<div class=\"elementor-element elementor-element-8da37a6 elementor-arrows-position-inside elementor-widget elementor-widget-image-carousel\" data-id=\"8da37a6\" data-element_type=\"widget\" data-settings=\"{&quot;slides_to_show&quot;:&quot;1&quot;,&quot;navigation&quot;:&quot;arrows&quot;,&quot;autoplay&quot;:&quot;no&quot;,&quot;infinite&quot;:&quot;no&quot;,&quot;speed&quot;:400,&quot;effect&quot;:&quot;slide&quot;}\" data-widget_type=\"image-carousel.default\">\n\t\t\t\t<div class=\"elementor-widget-container\">\n\t\t\t\t\t<div class=\"elementor-image-carousel-wrapper swiper-container\" dir=\"ltr\">\n\t\t\t<div class=\"elementor-image-carousel swiper-wrapper\">\n\t\t\t\t\t\t\t\t<div class=\"swiper-slide\"><figure class=\"swiper-slide-inner\"><img class=\"swiper-slide-image\" src=\"https:\/\/antoniopalenzuela.com\/wp-content\/uploads\/elementor\/thumbs\/BR06-scaled-e1622544177117-p80suywxtmwoi05h6po1ksblavm3kqb1viq1uaargy.jpg\" alt=\"BR06\" \/><\/figure><\/div><div class=\"swiper-slide\"><figure class=\"swiper-slide-inner\"><img class=\"swiper-slide-image\" src=\"https:\/\/antoniopalenzuela.com\/wp-content\/uploads\/elementor\/thumbs\/BR09-scaled-p80sonfzvq9agdbw2zcbtdq1jmr9tz80c8ujpbo1aq.jpg\" alt=\"BR09\" \/><\/figure><\/div><div class=\"swiper-slide\"><figure class=\"swiper-slide-inner\"><img class=\"swiper-slide-image\" src=\"https:\/\/antoniopalenzuela.com\/wp-content\/uploads\/elementor\/thumbs\/BR07-scaled-e1622544250101-p80swvj5ojim1jdt21bt4t08o07w6mvggychvhh0uq.jpg\" alt=\"BR07\" \/><\/figure><\/div><div class=\"swiper-slide\"><figure class=\"swiper-slide-inner\"><img class=\"swiper-slide-image\" src=\"https:\/\/antoniopalenzuela.com\/wp-content\/uploads\/elementor\/thumbs\/BR05-scaled-e1622544223940-p80sw65ik0jvc2eo68cvrhesmlozet2pdgqdx0iniq.jpg\" alt=\"BR05\" \/><\/figure><\/div><div class=\"swiper-slide\"><figure class=\"swiper-slide-inner\"><img class=\"swiper-slide-image\" src=\"https:\/\/antoniopalenzuela.com\/wp-content\/uploads\/elementor\/thumbs\/BR03-scaled-p7tvfjn7p0r3xx9lpt2il7o7zo1w97m5nhvyze6i6q.jpg\" alt=\"BR03\" \/><\/figure><\/div><div class=\"swiper-slide\"><figure class=\"swiper-slide-inner\"><img class=\"swiper-slide-image\" src=\"https:\/\/antoniopalenzuela.com\/wp-content\/uploads\/elementor\/thumbs\/BR04-scaled-p7tvgcs7kvuzxu39znny8ibiem29vttu3i40uyzatu.jpg\" alt=\"BR04\" \/><\/figure><\/div><div class=\"swiper-slide\"><figure class=\"swiper-slide-inner\"><img class=\"swiper-slide-image\" src=\"https:\/\/antoniopalenzuela.com\/wp-content\/uploads\/elementor\/thumbs\/9037_08-scaled-p7sjcoo4upc2zlfrq4t3ohmopt8r9x7woj76dijlw2.jpg\" alt=\"9037_08\" \/><\/figure><\/div><div class=\"swiper-slide\"><figure class=\"swiper-slide-inner\"><img class=\"swiper-slide-image\" src=\"https:\/\/antoniopalenzuela.com\/wp-content\/uploads\/elementor\/thumbs\/BR10-scaled-p7tvk7wbod5fo4h7fbsqhj7qbn0lj163ymnvvx918y.jpg\" alt=\"BR10\" \/><\/figure><\/div><div class=\"swiper-slide\"><figure class=\"swiper-slide-inner\"><img class=\"swiper-slide-image\" src=\"https:\/\/antoniopalenzuela.com\/wp-content\/uploads\/elementor\/thumbs\/BR12-scaled-p7tvktim1jz135lsx355kvrbzi21g2jxplo1xacz9u.jpg\" alt=\"BR12\" \/><\/figure><\/div><div class=\"swiper-slide\"><figure class=\"swiper-slide-inner\"><img class=\"swiper-slide-image\" src=\"https:\/\/antoniopalenzuela.com\/wp-content\/uploads\/elementor\/thumbs\/BR11-scaled-p80spssw8ftwn7ntdh7wv3abol3f8ns75xjwthypoy.jpg\" alt=\"BR11\" \/><\/figure><\/div><div class=\"swiper-slide\"><figure class=\"swiper-slide-inner\"><img class=\"swiper-slide-image\" src=\"https:\/\/antoniopalenzuela.com\/wp-content\/uploads\/elementor\/thumbs\/BR16-scaled-p7tvlu6bg3d7ny4jz0zls4ib5j1cs9lgun3zn2umj6.jpg\" alt=\"BR16\" \/><\/figure><\/div><div class=\"swiper-slide\"><figure class=\"swiper-slide-inner\"><img class=\"swiper-slide-image\" src=\"https:\/\/antoniopalenzuela.com\/wp-content\/uploads\/elementor\/thumbs\/BR18-scaled-p7tvmo95isidzgwv3dznzwx25ux3mkwvmrzizxm102.jpg\" alt=\"BR18\" \/><\/figure><\/div><div class=\"swiper-slide\"><figure class=\"swiper-slide-inner\"><img class=\"swiper-slide-image\" src=\"https:\/\/antoniopalenzuela.com\/wp-content\/uploads\/elementor\/thumbs\/2-2-scaled-p8b9tan1qzns6whw0k6z8d1jgh7eozk4ye9fihfwk2.jpg\" alt=\"2\" \/><\/figure><\/div><div class=\"swiper-slide\"><figure class=\"swiper-slide-inner\"><img class=\"swiper-slide-image\" src=\"https:\/\/antoniopalenzuela.com\/wp-content\/uploads\/elementor\/thumbs\/1-2-p8b9t6voznimwgncmikgydzp2xpxu757lvnhldlh8y.jpg\" alt=\"1\" \/><\/figure><\/div>\t\t\t<\/div>\n\t\t\t\t\t\t\t\t\t\t\t\t\t\t\t\t<div class=\"elementor-swiper-button elementor-swiper-button-prev\">\n\t\t\t\t\t\t<i aria-hidden=\"true\" class=\"eicon-chevron-left\"><\/i>\t\t\t\t\t\t<span class=\"elementor-screen-only\">Anterior<\/span>\n\t\t\t\t\t<\/div>\n\t\t\t\t\t<div class=\"elementor-swiper-button elementor-swiper-button-next\">\n\t\t\t\t\t\t<i aria-hidden=\"true\" class=\"eicon-chevron-right\"><\/i>\t\t\t\t\t\t<span class=\"elementor-screen-only\">Siguiente<\/span>\n\t\t\t\t\t<\/div>\n\t\t\t\t\t\t\t\t\t<\/div>\n\t\t\t\t<\/div>\n\t\t\t\t<\/div>\n\t\t\t\t\t\t<\/div>\n\t\t\t\t\t<\/div>\n\t\t<\/div>\n\t\t\t\t\t\t\t\t<\/div>\n\t\t\t\t\t<\/div>\n\t\t<\/section>\n\t\t\t\t<section class=\"elementor-section elementor-top-section elementor-element elementor-element-bd2f494 elementor-section-boxed elementor-section-height-default elementor-section-height-default parallax_section_no qode_elementor_container_no\" data-id=\"bd2f494\" data-element_type=\"section\">\n\t\t\t\t\t\t<div class=\"elementor-container elementor-column-gap-default\">\n\t\t\t\t\t\t\t<div class=\"elementor-row\">\n\t\t\t\t\t<div class=\"elementor-column elementor-col-50 elementor-top-column elementor-element elementor-element-e7d7be9\" data-id=\"e7d7be9\" data-element_type=\"column\">\n\t\t\t<div class=\"elementor-column-wrap elementor-element-populated\">\n\t\t\t\t\t\t\t<div class=\"elementor-widget-wrap\">\n\t\t\t\t\t\t<div class=\"elementor-element elementor-element-8d35f8a elementor-widget elementor-widget-text-editor\" data-id=\"8d35f8a\" data-element_type=\"widget\" data-widget_type=\"text-editor.default\">\n\t\t\t\t<div class=\"elementor-widget-container\">\n\t\t\t\t\t\t\t\t<div class=\"elementor-text-editor elementor-clearfix\">\n\t\t\t\t<h1>centro FP Jacarand\u00e1<\/h1><h1>Brenes (Sevilla)<\/h1><h2>2018\/2020<\/h2><div>\u00a0<\/div><p>El instituto de Formaci\u00f3n Profesional Jacarand\u00e1 se encuentra en la localidad de Brenes, inmerso en la f\u00e9rtil vega sevillana del Guadalquivir, en un paisaje de gran amplitud caracterizado por una topograf\u00eda completamente plana rodeada de zonas de cultivo. La ampliaci\u00f3n del centro tiene lugar en una peque\u00f1a parcela intersticial, entre un ala del edificio existente y el pabell\u00f3n polideportivo cubierto del mismo, orientada al sur, frente a la verde vega.<\/p><p>\u00a0 \u00a0 La nueva construcci\u00f3n se concibe desde una gran compacidad ya que se requer\u00eda cumplir con un estricto programa de necesidades compuesto por aulas y talleres que estuvieran perfectamente comunicados con el edificio existente. Desde la conexi\u00f3n de la nueva construcci\u00f3n y la medianera del antiguo edificio, surge la necesidad de crear un <em>intervallum, <\/em>un nuevo espacio de transici\u00f3n que dialogue entre el espacio exterior del patio y la construcci\u00f3n existente. De igual modo este espacio intersticial se relaciona con el patio de juegos, ya que tambi\u00e9n funcionar\u00e1 como puerta de entrada de la nueva ampliaci\u00f3n.<\/p><p>\u00a0 \u00a0 Las aulas se distribuyen a ambos lados del pasillo central que conecta con la l\u00ednea de circulaci\u00f3n principal del edificio actual en sus tres plantas. La transici\u00f3n de lo existente a la nueva construcci\u00f3n se realiza sin estridencias, adoptando un lenguaje arquitect\u00f3nico austero, sereno y no disruptivo con el edificio existente que es obra de finales de los a\u00f1os 90 de los arquitectos Albal\u00e1 y Cordero. En los interiores predominar\u00e1n los alicatados de color azul cobalto y los forjados en hormig\u00f3n visto recreando un ambiente funcional y fresco para el uso diario de la actividad docente.<\/p><p>\u00a0 \u00a0 El exterior est\u00e1 protagonizado por la apertura espacial o <em>intervallum <\/em>que se abre en fachada como una amplia entrada que se transforma en un vaso comunicante entre la zona de juegos al sur y el jard\u00edn del norte. Este espacio se materializa por medio de un alicatado de azulejos vidriados de color amarillo albero que es vibrante y luminoso. Los brillos y reflejos provocados evocan claras reminiscencias a la tradici\u00f3n azulejera hispalense. La explosi\u00f3n de luz y color se convierte en el nodo de conexi\u00f3n de la actuaci\u00f3n con respecto al edificio matriz y se erige como eje generador de la intervenci\u00f3n.<\/p>\t\t\t\t\t<\/div>\n\t\t\t\t\t\t<\/div>\n\t\t\t\t<\/div>\n\t\t\t\t\t\t<\/div>\n\t\t\t\t\t<\/div>\n\t\t<\/div>\n\t\t\t\t<div class=\"elementor-column elementor-col-50 elementor-top-column elementor-element elementor-element-d69cf45\" data-id=\"d69cf45\" data-element_type=\"column\">\n\t\t\t<div class=\"elementor-column-wrap elementor-element-populated\">\n\t\t\t\t\t\t\t<div class=\"elementor-widget-wrap\">\n\t\t\t\t\t\t<div class=\"elementor-element elementor-element-3e44a61 elementor-widget elementor-widget-text-editor\" data-id=\"3e44a61\" data-element_type=\"widget\" data-widget_type=\"text-editor.default\">\n\t\t\t\t<div class=\"elementor-widget-container\">\n\t\t\t\t\t\t\t\t<div class=\"elementor-text-editor elementor-clearfix\">\n\t\t\t\t<h2>\u00a0<\/h2><h2>\u00a0<\/h2><h2>\u00a0<\/h2><h2>\u00a0<\/h2><h2>\u00a0<\/h2><h2><em>The Jacaranda secondary school is located in the town of Brenes, immersed in the fertile plain of the Guadalquivir River in Seville, in a wide landscape characterised by a flat topography surrounded by cultivated areas. The extension of the centre is on a small interstitial plot, between a wing of the existing building and its covered sports hall, facing south, facing the green fertile plain. <\/em><em>The new construction was conceived with a great deal of compactness, as it was required to meet a strict programme of needs composed of classrooms and workshops that were perfectly communicated with the existing building. From the connection of the new construction and the pre-existence of the party wall of the old building, the intervallum arises, a new transition space that dialogues between the exterior space of the courtyard and the existing construction. In the same way this interstitial space is related to the playground, as it will also be the entrance to the new extension. <\/em><em>The classrooms are distributed on both sides of the central corridor that connects with the main corridor of the existing building on its three floors. The transition from the existing building to the new construction is made without fanfare, with an austere, serene architectural language that is in keeping with the existing building, which is the work of the architects Albala &amp; Cordero at the end of the 1990s. The interiors will be dominated by cobalt blue tiling and exposed concrete floors, recreating a functional and fresh atmosphere for the daily use of the teaching activity. <\/em><em>The exterior is dominated by the spatial opening or intervallum that opens onto the fa\u00e7ade as a wide entrance that acts as a link between the play area to the south and the garden to the north. This space is made of glazed tiles in a bright and vibrant albero yellow colour. The sparkles and reflections evoke clear reminiscences of Seville&#8217;s tile tradition. The explosion of light and colour becomes the connecting node of the intervention with respect to the parent building and stands as the generating axis of the intervention.<\/em><\/h2>\t\t\t\t\t<\/div>\n\t\t\t\t\t\t<\/div>\n\t\t\t\t<\/div>\n\t\t\t\t\t\t<\/div>\n\t\t\t\t\t<\/div>\n\t\t<\/div>\n\t\t\t\t\t\t\t\t<\/div>\n\t\t\t\t\t<\/div>\n\t\t<\/section>\n\t\t\t\t<section class=\"elementor-section elementor-top-section elementor-element elementor-element-4113ed6 elementor-section-boxed elementor-section-height-default elementor-section-height-default parallax_section_no qode_elementor_container_no\" data-id=\"4113ed6\" data-element_type=\"section\">\n\t\t\t\t\t\t<div class=\"elementor-container elementor-column-gap-default\">\n\t\t\t\t\t\t\t<div class=\"elementor-row\">\n\t\t\t\t\t<div class=\"elementor-column elementor-col-100 elementor-top-column elementor-element elementor-element-8480c7e\" data-id=\"8480c7e\" data-element_type=\"column\">\n\t\t\t<div class=\"elementor-column-wrap elementor-element-populated\">\n\t\t\t\t\t\t\t<div class=\"elementor-widget-wrap\">\n\t\t\t\t\t\t<div class=\"elementor-element elementor-element-fe3f4c4 elementor-widget elementor-widget-text-editor\" data-id=\"fe3f4c4\" data-element_type=\"widget\" data-widget_type=\"text-editor.default\">\n\t\t\t\t<div class=\"elementor-widget-container\">\n\t\t\t\t\t\t\t\t<div class=\"elementor-text-editor elementor-clearfix\">\n\t\t\t\t<h2>Promotor:\u00a0 \u00a0 \u00a0 \u00a0Junta de Andaluc\u00eda<\/h2><h2>Presupuesto:\u00a0 498.423,95 \u20ac<\/h2><h2>Superficie:\u00a0 \u00a0 \u00a0 548,20 m2<\/h2><h2>Fotograf\u00eda:\u00a0 \u00a0 \u00a0\u00a9Fernando Alda<\/h2><h2 class=\"MsoNormal\" style=\"text-align: justify;\"><span style=\"mso-ansi-language: ES-TRAD;\">\u00a0<\/span><\/h2><p class=\"MsoNormal\" style=\"text-align: justify;\"><span style=\"mso-ansi-language: ES-TRAD;\">\u00a0<\/span><\/p>\t\t\t\t\t<\/div>\n\t\t\t\t\t\t<\/div>\n\t\t\t\t<\/div>\n\t\t\t\t\t\t<\/div>\n\t\t\t\t\t<\/div>\n\t\t<\/div>\n\t\t\t\t\t\t\t\t<\/div>\n\t\t\t\t\t<\/div>\n\t\t<\/section>\n\t\t\t\t\t\t\t\t\t<\/div>\n\t\t\t<\/div>\n\t\t\t\t\t<\/div>\n\t\t","protected":false},"excerpt":{"rendered":"<p>Anterior Siguiente centro FP Jacarand\u00e1 Brenes (Sevilla) 2018\/2020 \u00a0 El instituto de Formaci\u00f3n Profesional Jacarand\u00e1 se encuentra en la localidad de Brenes, inmerso en la f\u00e9rtil vega sevillana del Guadalquivir, en un paisaje de gran amplitud caracterizado por una topograf\u00eda completamente plana rodeada de zonas&#8230;<\/p>\n","protected":false},"author":1,"featured_media":0,"parent":0,"menu_order":0,"comment_status":"closed","ping_status":"closed","template":"","meta":[],"yoast_head":"<!-- This site is optimized with the Yoast SEO plugin v18.4.1 - https:\/\/yoast.com\/wordpress\/plugins\/seo\/ -->\n<title>jacaranda - PALENZVELA taller de arquitectura<\/title>\n<meta name=\"description\" content=\"estudio de arquitectura\" \/>\n<meta name=\"robots\" content=\"index, follow, max-snippet:-1, max-image-preview:large, max-video-preview:-1\" \/>\n<link rel=\"canonical\" href=\"https:\/\/antoniopalenzuela.com\/index.php\/jacaranda\/\" \/>\n<meta property=\"og:locale\" content=\"es_ES\" \/>\n<meta property=\"og:type\" content=\"article\" \/>\n<meta property=\"og:title\" content=\"jacaranda - PALENZVELA taller de arquitectura\" \/>\n<meta property=\"og:description\" content=\"estudio de arquitectura\" \/>\n<meta property=\"og:url\" content=\"https:\/\/antoniopalenzuela.com\/index.php\/jacaranda\/\" \/>\n<meta property=\"og:site_name\" content=\"PALENZVELA taller de arquitectura\" \/>\n<meta property=\"article:modified_time\" content=\"2024-01-14T17:29:21+00:00\" \/>\n<meta property=\"og:image\" content=\"https:\/\/antoniopalenzuela.com\/wp-content\/uploads\/elementor\/thumbs\/BR06-scaled-e1622544177117-p80suywxtmwoi05h6po1ksblavm3kqb1viq1uaargy.jpg\" \/>\n<meta name=\"twitter:card\" content=\"summary_large_image\" \/>\n<meta name=\"twitter:label1\" content=\"Tiempo de lectura\" \/>\n\t<meta name=\"twitter:data1\" content=\"7 minutos\" \/>\n<script type=\"application\/ld+json\" class=\"yoast-schema-graph\">{\"@context\":\"https:\/\/schema.org\",\"@graph\":[{\"@type\":\"WebSite\",\"@id\":\"https:\/\/antoniopalenzuela.com\/#website\",\"url\":\"https:\/\/antoniopalenzuela.com\/\",\"name\":\"PALENZVELA taller de arquitectura\",\"description\":\"antonio palenzuela navarro arquitecto\",\"potentialAction\":[{\"@type\":\"SearchAction\",\"target\":{\"@type\":\"EntryPoint\",\"urlTemplate\":\"https:\/\/antoniopalenzuela.com\/?s={search_term_string}\"},\"query-input\":\"required name=search_term_string\"}],\"inLanguage\":\"es\"},{\"@type\":\"ImageObject\",\"@id\":\"https:\/\/antoniopalenzuela.com\/index.php\/jacaranda\/#primaryimage\",\"inLanguage\":\"es\",\"url\":\"https:\/\/antoniopalenzuela.com\/wp-content\/uploads\/elementor\/thumbs\/BR06-scaled-e1622544177117-p80suywxtmwoi05h6po1ksblavm3kqb1viq1uaargy.jpg\",\"contentUrl\":\"https:\/\/antoniopalenzuela.com\/wp-content\/uploads\/elementor\/thumbs\/BR06-scaled-e1622544177117-p80suywxtmwoi05h6po1ksblavm3kqb1viq1uaargy.jpg\"},{\"@type\":\"WebPage\",\"@id\":\"https:\/\/antoniopalenzuela.com\/index.php\/jacaranda\/#webpage\",\"url\":\"https:\/\/antoniopalenzuela.com\/index.php\/jacaranda\/\",\"name\":\"jacaranda - PALENZVELA taller de arquitectura\",\"isPartOf\":{\"@id\":\"https:\/\/antoniopalenzuela.com\/#website\"},\"primaryImageOfPage\":{\"@id\":\"https:\/\/antoniopalenzuela.com\/index.php\/jacaranda\/#primaryimage\"},\"datePublished\":\"2021-05-28T11:08:37+00:00\",\"dateModified\":\"2024-01-14T17:29:21+00:00\",\"description\":\"estudio de arquitectura\",\"breadcrumb\":{\"@id\":\"https:\/\/antoniopalenzuela.com\/index.php\/jacaranda\/#breadcrumb\"},\"inLanguage\":\"es\",\"potentialAction\":[{\"@type\":\"ReadAction\",\"target\":[\"https:\/\/antoniopalenzuela.com\/index.php\/jacaranda\/\"]}]},{\"@type\":\"BreadcrumbList\",\"@id\":\"https:\/\/antoniopalenzuela.com\/index.php\/jacaranda\/#breadcrumb\",\"itemListElement\":[{\"@type\":\"ListItem\",\"position\":1,\"name\":\"Home\",\"item\":\"https:\/\/antoniopalenzuela.com\/\"},{\"@type\":\"ListItem\",\"position\":2,\"name\":\"jacaranda\"}]}]}<\/script>\n<!-- \/ Yoast SEO plugin. -->","yoast_head_json":{"title":"jacaranda - PALENZVELA taller de arquitectura","description":"estudio de arquitectura","robots":{"index":"index","follow":"follow","max-snippet":"max-snippet:-1","max-image-preview":"max-image-preview:large","max-video-preview":"max-video-preview:-1"},"canonical":"https:\/\/antoniopalenzuela.com\/index.php\/jacaranda\/","og_locale":"es_ES","og_type":"article","og_title":"jacaranda - PALENZVELA taller de arquitectura","og_description":"estudio de arquitectura","og_url":"https:\/\/antoniopalenzuela.com\/index.php\/jacaranda\/","og_site_name":"PALENZVELA taller de arquitectura","article_modified_time":"2024-01-14T17:29:21+00:00","og_image":[{"url":"https:\/\/antoniopalenzuela.com\/wp-content\/uploads\/elementor\/thumbs\/BR06-scaled-e1622544177117-p80suywxtmwoi05h6po1ksblavm3kqb1viq1uaargy.jpg"}],"twitter_card":"summary_large_image","twitter_misc":{"Tiempo de lectura":"7 minutos"},"schema":{"@context":"https:\/\/schema.org","@graph":[{"@type":"WebSite","@id":"https:\/\/antoniopalenzuela.com\/#website","url":"https:\/\/antoniopalenzuela.com\/","name":"PALENZVELA taller de arquitectura","description":"antonio palenzuela navarro arquitecto","potentialAction":[{"@type":"SearchAction","target":{"@type":"EntryPoint","urlTemplate":"https:\/\/antoniopalenzuela.com\/?s={search_term_string}"},"query-input":"required name=search_term_string"}],"inLanguage":"es"},{"@type":"ImageObject","@id":"https:\/\/antoniopalenzuela.com\/index.php\/jacaranda\/#primaryimage","inLanguage":"es","url":"https:\/\/antoniopalenzuela.com\/wp-content\/uploads\/elementor\/thumbs\/BR06-scaled-e1622544177117-p80suywxtmwoi05h6po1ksblavm3kqb1viq1uaargy.jpg","contentUrl":"https:\/\/antoniopalenzuela.com\/wp-content\/uploads\/elementor\/thumbs\/BR06-scaled-e1622544177117-p80suywxtmwoi05h6po1ksblavm3kqb1viq1uaargy.jpg"},{"@type":"WebPage","@id":"https:\/\/antoniopalenzuela.com\/index.php\/jacaranda\/#webpage","url":"https:\/\/antoniopalenzuela.com\/index.php\/jacaranda\/","name":"jacaranda - PALENZVELA taller de arquitectura","isPartOf":{"@id":"https:\/\/antoniopalenzuela.com\/#website"},"primaryImageOfPage":{"@id":"https:\/\/antoniopalenzuela.com\/index.php\/jacaranda\/#primaryimage"},"datePublished":"2021-05-28T11:08:37+00:00","dateModified":"2024-01-14T17:29:21+00:00","description":"estudio de arquitectura","breadcrumb":{"@id":"https:\/\/antoniopalenzuela.com\/index.php\/jacaranda\/#breadcrumb"},"inLanguage":"es","potentialAction":[{"@type":"ReadAction","target":["https:\/\/antoniopalenzuela.com\/index.php\/jacaranda\/"]}]},{"@type":"BreadcrumbList","@id":"https:\/\/antoniopalenzuela.com\/index.php\/jacaranda\/#breadcrumb","itemListElement":[{"@type":"ListItem","position":1,"name":"Home","item":"https:\/\/antoniopalenzuela.com\/"},{"@type":"ListItem","position":2,"name":"jacaranda"}]}]}},"_links":{"self":[{"href":"https:\/\/antoniopalenzuela.com\/index.php\/wp-json\/wp\/v2\/pages\/19051"}],"collection":[{"href":"https:\/\/antoniopalenzuela.com\/index.php\/wp-json\/wp\/v2\/pages"}],"about":[{"href":"https:\/\/antoniopalenzuela.com\/index.php\/wp-json\/wp\/v2\/types\/page"}],"author":[{"embeddable":true,"href":"https:\/\/antoniopalenzuela.com\/index.php\/wp-json\/wp\/v2\/users\/1"}],"replies":[{"embeddable":true,"href":"https:\/\/antoniopalenzuela.com\/index.php\/wp-json\/wp\/v2\/comments?post=19051"}],"version-history":[{"count":55,"href":"https:\/\/antoniopalenzuela.com\/index.php\/wp-json\/wp\/v2\/pages\/19051\/revisions"}],"predecessor-version":[{"id":19880,"href":"https:\/\/antoniopalenzuela.com\/index.php\/wp-json\/wp\/v2\/pages\/19051\/revisions\/19880"}],"wp:attachment":[{"href":"https:\/\/antoniopalenzuela.com\/index.php\/wp-json\/wp\/v2\/media?parent=19051"}],"curies":[{"name":"wp","href":"https:\/\/api.w.org\/{rel}","templated":true}]}}