{"id":18892,"date":"2021-05-26T11:19:57","date_gmt":"2021-05-26T11:19:57","guid":{"rendered":"https:\/\/antoniopalenzuela.com\/?page_id=18892"},"modified":"2024-01-14T17:48:04","modified_gmt":"2024-01-14T17:48:04","slug":"alomartes","status":"publish","type":"page","link":"https:\/\/antoniopalenzuela.com\/index.php\/alomartes\/","title":{"rendered":"alomartes"},"content":{"rendered":"\t\t<div data-elementor-type=\"wp-page\" data-elementor-id=\"18892\" class=\"elementor elementor-18892\">\n\t\t\t\t\t\t<div class=\"elementor-inner\">\n\t\t\t\t<div class=\"elementor-section-wrap\">\n\t\t\t\t\t\t\t\t\t<section class=\"elementor-section elementor-top-section elementor-element elementor-element-5270db6 elementor-section-boxed elementor-section-height-default elementor-section-height-default parallax_section_no qode_elementor_container_no\" data-id=\"5270db6\" data-element_type=\"section\">\n\t\t\t\t\t\t<div class=\"elementor-container elementor-column-gap-default\">\n\t\t\t\t\t\t\t<div class=\"elementor-row\">\n\t\t\t\t\t<div class=\"elementor-column elementor-col-100 elementor-top-column elementor-element elementor-element-2cdf15f\" data-id=\"2cdf15f\" data-element_type=\"column\">\n\t\t\t<div class=\"elementor-column-wrap elementor-element-populated\">\n\t\t\t\t\t\t\t<div class=\"elementor-widget-wrap\">\n\t\t\t\t\t\t<div class=\"elementor-element elementor-element-5bc7fe6 elementor-arrows-position-inside elementor-widget elementor-widget-image-carousel\" data-id=\"5bc7fe6\" data-element_type=\"widget\" data-settings=\"{&quot;slides_to_show&quot;:&quot;1&quot;,&quot;navigation&quot;:&quot;arrows&quot;,&quot;autoplay&quot;:&quot;no&quot;,&quot;infinite&quot;:&quot;no&quot;,&quot;speed&quot;:400,&quot;effect&quot;:&quot;slide&quot;}\" data-widget_type=\"image-carousel.default\">\n\t\t\t\t<div class=\"elementor-widget-container\">\n\t\t\t\t\t<div class=\"elementor-image-carousel-wrapper swiper-container\" dir=\"ltr\">\n\t\t\t<div class=\"elementor-image-carousel swiper-wrapper\">\n\t\t\t\t\t\t\t\t<div class=\"swiper-slide\"><figure class=\"swiper-slide-inner\"><img class=\"swiper-slide-image\" src=\"https:\/\/antoniopalenzuela.com\/wp-content\/uploads\/elementor\/thumbs\/17-scaled-e1622129106991-p7sftg8lr15tfs93omw3o3hhz6d4cv3wus62s5724y.jpg\" alt=\"17\" \/><\/figure><\/div><div class=\"swiper-slide\"><figure class=\"swiper-slide-inner\"><img class=\"swiper-slide-image\" src=\"https:\/\/antoniopalenzuela.com\/wp-content\/uploads\/elementor\/thumbs\/11-scaled-e1622046698305-p7qs1rwp7vogq5ojyk8jz2bwm7p8bt3roz4mhni9hu.jpg\" alt=\"11\" \/><\/figure><\/div><div class=\"swiper-slide\"><figure class=\"swiper-slide-inner\"><img class=\"swiper-slide-image\" src=\"https:\/\/antoniopalenzuela.com\/wp-content\/uploads\/elementor\/thumbs\/12-scaled-e1622129197957-p7sfvtrx0yewsasut5v5gzwg18nitbjhijj9gbo8eq.jpg\" alt=\"12\" \/><\/figure><\/div><div class=\"swiper-slide\"><figure class=\"swiper-slide-inner\"><img class=\"swiper-slide-image\" src=\"https:\/\/antoniopalenzuela.com\/wp-content\/uploads\/elementor\/thumbs\/10-scaled-e1622046659853-p7qs0r8ztcaa5d5swme3rtkxg6pwzm28jxoorv0m8i.jpg\" alt=\"10\" \/><\/figure><\/div><div class=\"swiper-slide\"><figure class=\"swiper-slide-inner\"><img class=\"swiper-slide-image\" src=\"https:\/\/antoniopalenzuela.com\/wp-content\/uploads\/elementor\/thumbs\/7-scaled-e1622129166697-p7sfv0mx53b0sdz6jb9ptp95man56pbt2jb7kqvfrm.jpg\" alt=\"7\" \/><\/figure><\/div><div class=\"swiper-slide\"><figure class=\"swiper-slide-inner\"><img class=\"swiper-slide-image\" src=\"https:\/\/antoniopalenzuela.com\/wp-content\/uploads\/elementor\/thumbs\/15-scaled-e1622129234168-p7sfwsjy1tqipvec62wcj94i0hw3q4djzbo87k8o0i.jpg\" alt=\"15\" \/><\/figure><\/div><div class=\"swiper-slide\"><figure class=\"swiper-slide-inner\"><img class=\"swiper-slide-image\" src=\"https:\/\/antoniopalenzuela.com\/wp-content\/uploads\/elementor\/thumbs\/5-scaled-e1622129065554-p7sfsdp7ytp27rt2xo8ebv7lmdn2l9ux1hf63ss782.jpg\" alt=\"5\" \/><\/figure><\/div><div class=\"swiper-slide\"><figure class=\"swiper-slide-inner\"><img class=\"swiper-slide-image\" src=\"https:\/\/antoniopalenzuela.com\/wp-content\/uploads\/elementor\/thumbs\/4-scaled-e1622129303302-p7sfymcnc88lakqrhvc8dsirlgvsoxmrkdc7sxj3wy.jpg\" alt=\"4\" \/><\/figure><\/div>\t\t\t<\/div>\n\t\t\t\t\t\t\t\t\t\t\t\t\t\t\t\t<div class=\"elementor-swiper-button elementor-swiper-button-prev\">\n\t\t\t\t\t\t<i aria-hidden=\"true\" class=\"eicon-chevron-left\"><\/i>\t\t\t\t\t\t<span class=\"elementor-screen-only\">Anterior<\/span>\n\t\t\t\t\t<\/div>\n\t\t\t\t\t<div class=\"elementor-swiper-button elementor-swiper-button-next\">\n\t\t\t\t\t\t<i aria-hidden=\"true\" class=\"eicon-chevron-right\"><\/i>\t\t\t\t\t\t<span class=\"elementor-screen-only\">Siguiente<\/span>\n\t\t\t\t\t<\/div>\n\t\t\t\t\t\t\t\t\t<\/div>\n\t\t\t\t<\/div>\n\t\t\t\t<\/div>\n\t\t\t\t\t\t<\/div>\n\t\t\t\t\t<\/div>\n\t\t<\/div>\n\t\t\t\t\t\t\t\t<\/div>\n\t\t\t\t\t<\/div>\n\t\t<\/section>\n\t\t\t\t<section class=\"elementor-section elementor-top-section elementor-element elementor-element-8b8049e elementor-section-boxed elementor-section-height-default elementor-section-height-default parallax_section_no qode_elementor_container_no\" data-id=\"8b8049e\" data-element_type=\"section\">\n\t\t\t\t\t\t<div class=\"elementor-container elementor-column-gap-default\">\n\t\t\t\t\t\t\t<div class=\"elementor-row\">\n\t\t\t\t\t<div class=\"elementor-column elementor-col-50 elementor-top-column elementor-element elementor-element-5621717\" data-id=\"5621717\" data-element_type=\"column\">\n\t\t\t<div class=\"elementor-column-wrap elementor-element-populated\">\n\t\t\t\t\t\t\t<div class=\"elementor-widget-wrap\">\n\t\t\t\t\t\t<div class=\"elementor-element elementor-element-78937df elementor-widget elementor-widget-text-editor\" data-id=\"78937df\" data-element_type=\"widget\" data-widget_type=\"text-editor.default\">\n\t\t\t\t<div class=\"elementor-widget-container\">\n\t\t\t\t\t\t\t\t<div class=\"elementor-text-editor elementor-clearfix\">\n\t\t\t\t<h1>colegio Ntra S\u00aa de los Dolores<\/h1><h1>\u00cdllora, Granada<\/h1><h2>2017<\/h2><p>\u00a0<\/p><p>La parcela del centro tiene forma sensiblemente rectangular, de unos 6.000 m2, donde el lindero suroeste posee el acceso desde v\u00eda p\u00fablica, es resultado de la uni\u00f3n de un suelo urbano y otro rural. En un entorno casi rural, la singularidad del emplazamiento radica en su privilegiada posici\u00f3n a los pies de la sierra Parapanda, muy pr\u00f3ximo al n\u00facleo urbano, la cual caracteriza el perfil de esta zona de la comarca de Loja.<\/p><p>\u00a0 \u00a0 La actuaci\u00f3n realizada contempla la ejecuci\u00f3n de un centro de educaci\u00f3n infantil y primaria con 12 unidades, 3 de infantil y 9 de primaria. Esta singularidad se debe a que se trata de un centro con varios picos que hacen que el n\u00famero de unidades oscile cada a\u00f1o.<\/p><p>\u00a0 \u00a0 Adem\u00e1s el conjunto se compone de gimnasio y pista deportiva, formando una pieza de gran compacidad con el fin de conseguir unas circulaciones m\u00e1s directas entre sus espacios.<\/p><p>\u00a0 \u00a0 Los vol\u00famenes que integran la construcci\u00f3n adoptan una mayor horizontalidad y compacidad para subrayar la impronta del perfil monta\u00f1oso. El klinker en tonos terrizos empleado en fachada auna la voluntad de futura conservaci\u00f3n y aclimataci\u00f3n crom\u00e1tica en el entorno.<\/p>\t\t\t\t\t<\/div>\n\t\t\t\t\t\t<\/div>\n\t\t\t\t<\/div>\n\t\t\t\t\t\t<\/div>\n\t\t\t\t\t<\/div>\n\t\t<\/div>\n\t\t\t\t<div class=\"elementor-column elementor-col-50 elementor-top-column elementor-element elementor-element-bfa2215\" data-id=\"bfa2215\" data-element_type=\"column\">\n\t\t\t<div class=\"elementor-column-wrap elementor-element-populated\">\n\t\t\t\t\t\t\t<div class=\"elementor-widget-wrap\">\n\t\t\t\t\t\t<div class=\"elementor-element elementor-element-e2d0949 elementor-widget elementor-widget-text-editor\" data-id=\"e2d0949\" data-element_type=\"widget\" data-widget_type=\"text-editor.default\">\n\t\t\t\t<div class=\"elementor-widget-container\">\n\t\t\t\t\t\t\t\t<div class=\"elementor-text-editor elementor-clearfix\">\n\t\t\t\t<h2>\u00a0<\/h2><h2>\u00a0<\/h2><h2>\u00a0<\/h2><h2>\u00a0<\/h2><h2>\u00a0<\/h2><h2><em>The plot of the centre is rectangular in shape, about 6,000 m2, where the southwest boundary has access from public roads, is the result of the union of an urban and a rural land. In an almost rural environment, the uniqueness of the site lies in its privileged position at the foot of the Sierra Parapanda, very close to the town centre, which characterises the profile of this area of the region of Loja. <\/em><em>The project contemplates the construction of a nursery and primary school with 12 units, 3 nursery and 9 primary. This singularity is due to the fact that it is a centre with several peaks that make the number of units oscillate each year. <\/em><em>In addition, the complex is made up of a gymnasium and sports court, forming a very compact piece in order to achieve more direct circulation between its spaces. <\/em><em>The volumes that make up the construction adopt a greater horizontality and compactness to underline the imprint of the mountainous profile. The klinker in earthy tones used on the fa\u00e7ade combines the desire for future conservation and chromatic acclimatisation in the environment.<\/em><\/h2>\t\t\t\t\t<\/div>\n\t\t\t\t\t\t<\/div>\n\t\t\t\t<\/div>\n\t\t\t\t\t\t<\/div>\n\t\t\t\t\t<\/div>\n\t\t<\/div>\n\t\t\t\t\t\t\t\t<\/div>\n\t\t\t\t\t<\/div>\n\t\t<\/section>\n\t\t\t\t<section class=\"elementor-section elementor-top-section elementor-element elementor-element-665cae7 elementor-section-boxed elementor-section-height-default elementor-section-height-default parallax_section_no qode_elementor_container_no\" data-id=\"665cae7\" data-element_type=\"section\">\n\t\t\t\t\t\t<div class=\"elementor-container elementor-column-gap-default\">\n\t\t\t\t\t\t\t<div class=\"elementor-row\">\n\t\t\t\t\t<div class=\"elementor-column elementor-col-100 elementor-top-column elementor-element elementor-element-9fdf932\" data-id=\"9fdf932\" data-element_type=\"column\">\n\t\t\t<div class=\"elementor-column-wrap elementor-element-populated\">\n\t\t\t\t\t\t\t<div class=\"elementor-widget-wrap\">\n\t\t\t\t\t\t<div class=\"elementor-element elementor-element-2ef80c3 elementor-widget elementor-widget-text-editor\" data-id=\"2ef80c3\" data-element_type=\"widget\" data-widget_type=\"text-editor.default\">\n\t\t\t\t<div class=\"elementor-widget-container\">\n\t\t\t\t\t\t\t\t<div class=\"elementor-text-editor elementor-clearfix\">\n\t\t\t\t<h2><em>en colaboraci\u00f3n con Arq. Carlos Parra y J.A. Ferrer<\/em><\/h2><h2>Promotor:\u00a0 \u00a0 \u00a0 \u00a0 Junta de Andaluc\u00eda<\/h2><h2>Presupuesto:\u00a0 \u00a02.553.080,71 \u20ac<\/h2><h2 class=\"MsoNormal\" style=\"text-align: justify;\"><span style=\"mso-ansi-language: ES-TRAD;\">Superficie:\u00a0 \u00a0 \u00a0 \u00a02.167,29 m2\u00a0<\/span><\/h2><p class=\"MsoNormal\" style=\"text-align: justify;\"><span style=\"mso-ansi-language: ES-TRAD;\">\u00a0<\/span><\/p>\t\t\t\t\t<\/div>\n\t\t\t\t\t\t<\/div>\n\t\t\t\t<\/div>\n\t\t\t\t\t\t<\/div>\n\t\t\t\t\t<\/div>\n\t\t<\/div>\n\t\t\t\t\t\t\t\t<\/div>\n\t\t\t\t\t<\/div>\n\t\t<\/section>\n\t\t\t\t\t\t\t\t\t<\/div>\n\t\t\t<\/div>\n\t\t\t\t\t<\/div>\n\t\t","protected":false},"excerpt":{"rendered":"<p>Anterior Siguiente colegio Ntra S\u00aa de los Dolores \u00cdllora, Granada 2017 \u00a0 La parcela del centro tiene forma sensiblemente rectangular, de unos 6.000 m2, donde el lindero suroeste posee el acceso desde v\u00eda p\u00fablica, es resultado de la uni\u00f3n de un suelo urbano y otro&#8230;<\/p>\n","protected":false},"author":1,"featured_media":0,"parent":0,"menu_order":0,"comment_status":"closed","ping_status":"closed","template":"","meta":[],"yoast_head":"<!-- This site is optimized with the Yoast SEO plugin v18.4.1 - https:\/\/yoast.com\/wordpress\/plugins\/seo\/ -->\n<title>alomartes - PALENZVELA taller de arquitectura<\/title>\n<meta name=\"description\" content=\"estudio de arquitectura\" \/>\n<meta name=\"robots\" content=\"index, follow, max-snippet:-1, max-image-preview:large, max-video-preview:-1\" \/>\n<link rel=\"canonical\" href=\"https:\/\/antoniopalenzuela.com\/index.php\/alomartes\/\" \/>\n<meta property=\"og:locale\" content=\"es_ES\" \/>\n<meta property=\"og:type\" content=\"article\" \/>\n<meta property=\"og:title\" content=\"alomartes - PALENZVELA taller de arquitectura\" \/>\n<meta property=\"og:description\" content=\"estudio de arquitectura\" \/>\n<meta property=\"og:url\" content=\"https:\/\/antoniopalenzuela.com\/index.php\/alomartes\/\" \/>\n<meta property=\"og:site_name\" content=\"PALENZVELA taller de arquitectura\" \/>\n<meta property=\"article:modified_time\" content=\"2024-01-14T17:48:04+00:00\" \/>\n<meta property=\"og:image\" content=\"https:\/\/antoniopalenzuela.com\/wp-content\/uploads\/elementor\/thumbs\/17-scaled-e1622129106991-p7sftg8lr15tfs93omw3o3hhz6d4cv3wus62s5724y.jpg\" \/>\n<meta name=\"twitter:card\" content=\"summary_large_image\" \/>\n<meta name=\"twitter:label1\" content=\"Tiempo de lectura\" \/>\n\t<meta name=\"twitter:data1\" content=\"4 minutos\" \/>\n<script type=\"application\/ld+json\" class=\"yoast-schema-graph\">{\"@context\":\"https:\/\/schema.org\",\"@graph\":[{\"@type\":\"WebSite\",\"@id\":\"https:\/\/antoniopalenzuela.com\/#website\",\"url\":\"https:\/\/antoniopalenzuela.com\/\",\"name\":\"PALENZVELA taller de arquitectura\",\"description\":\"antonio palenzuela navarro arquitecto\",\"potentialAction\":[{\"@type\":\"SearchAction\",\"target\":{\"@type\":\"EntryPoint\",\"urlTemplate\":\"https:\/\/antoniopalenzuela.com\/?s={search_term_string}\"},\"query-input\":\"required name=search_term_string\"}],\"inLanguage\":\"es\"},{\"@type\":\"ImageObject\",\"@id\":\"https:\/\/antoniopalenzuela.com\/index.php\/alomartes\/#primaryimage\",\"inLanguage\":\"es\",\"url\":\"https:\/\/antoniopalenzuela.com\/wp-content\/uploads\/elementor\/thumbs\/17-scaled-e1622129106991-p7sftg8lr15tfs93omw3o3hhz6d4cv3wus62s5724y.jpg\",\"contentUrl\":\"https:\/\/antoniopalenzuela.com\/wp-content\/uploads\/elementor\/thumbs\/17-scaled-e1622129106991-p7sftg8lr15tfs93omw3o3hhz6d4cv3wus62s5724y.jpg\"},{\"@type\":\"WebPage\",\"@id\":\"https:\/\/antoniopalenzuela.com\/index.php\/alomartes\/#webpage\",\"url\":\"https:\/\/antoniopalenzuela.com\/index.php\/alomartes\/\",\"name\":\"alomartes - PALENZVELA taller de arquitectura\",\"isPartOf\":{\"@id\":\"https:\/\/antoniopalenzuela.com\/#website\"},\"primaryImageOfPage\":{\"@id\":\"https:\/\/antoniopalenzuela.com\/index.php\/alomartes\/#primaryimage\"},\"datePublished\":\"2021-05-26T11:19:57+00:00\",\"dateModified\":\"2024-01-14T17:48:04+00:00\",\"description\":\"estudio de arquitectura\",\"breadcrumb\":{\"@id\":\"https:\/\/antoniopalenzuela.com\/index.php\/alomartes\/#breadcrumb\"},\"inLanguage\":\"es\",\"potentialAction\":[{\"@type\":\"ReadAction\",\"target\":[\"https:\/\/antoniopalenzuela.com\/index.php\/alomartes\/\"]}]},{\"@type\":\"BreadcrumbList\",\"@id\":\"https:\/\/antoniopalenzuela.com\/index.php\/alomartes\/#breadcrumb\",\"itemListElement\":[{\"@type\":\"ListItem\",\"position\":1,\"name\":\"Home\",\"item\":\"https:\/\/antoniopalenzuela.com\/\"},{\"@type\":\"ListItem\",\"position\":2,\"name\":\"alomartes\"}]}]}<\/script>\n<!-- \/ Yoast SEO plugin. -->","yoast_head_json":{"title":"alomartes - PALENZVELA taller de arquitectura","description":"estudio de arquitectura","robots":{"index":"index","follow":"follow","max-snippet":"max-snippet:-1","max-image-preview":"max-image-preview:large","max-video-preview":"max-video-preview:-1"},"canonical":"https:\/\/antoniopalenzuela.com\/index.php\/alomartes\/","og_locale":"es_ES","og_type":"article","og_title":"alomartes - PALENZVELA taller de arquitectura","og_description":"estudio de arquitectura","og_url":"https:\/\/antoniopalenzuela.com\/index.php\/alomartes\/","og_site_name":"PALENZVELA taller de arquitectura","article_modified_time":"2024-01-14T17:48:04+00:00","og_image":[{"url":"https:\/\/antoniopalenzuela.com\/wp-content\/uploads\/elementor\/thumbs\/17-scaled-e1622129106991-p7sftg8lr15tfs93omw3o3hhz6d4cv3wus62s5724y.jpg"}],"twitter_card":"summary_large_image","twitter_misc":{"Tiempo de lectura":"4 minutos"},"schema":{"@context":"https:\/\/schema.org","@graph":[{"@type":"WebSite","@id":"https:\/\/antoniopalenzuela.com\/#website","url":"https:\/\/antoniopalenzuela.com\/","name":"PALENZVELA taller de arquitectura","description":"antonio palenzuela navarro arquitecto","potentialAction":[{"@type":"SearchAction","target":{"@type":"EntryPoint","urlTemplate":"https:\/\/antoniopalenzuela.com\/?s={search_term_string}"},"query-input":"required name=search_term_string"}],"inLanguage":"es"},{"@type":"ImageObject","@id":"https:\/\/antoniopalenzuela.com\/index.php\/alomartes\/#primaryimage","inLanguage":"es","url":"https:\/\/antoniopalenzuela.com\/wp-content\/uploads\/elementor\/thumbs\/17-scaled-e1622129106991-p7sftg8lr15tfs93omw3o3hhz6d4cv3wus62s5724y.jpg","contentUrl":"https:\/\/antoniopalenzuela.com\/wp-content\/uploads\/elementor\/thumbs\/17-scaled-e1622129106991-p7sftg8lr15tfs93omw3o3hhz6d4cv3wus62s5724y.jpg"},{"@type":"WebPage","@id":"https:\/\/antoniopalenzuela.com\/index.php\/alomartes\/#webpage","url":"https:\/\/antoniopalenzuela.com\/index.php\/alomartes\/","name":"alomartes - PALENZVELA taller de arquitectura","isPartOf":{"@id":"https:\/\/antoniopalenzuela.com\/#website"},"primaryImageOfPage":{"@id":"https:\/\/antoniopalenzuela.com\/index.php\/alomartes\/#primaryimage"},"datePublished":"2021-05-26T11:19:57+00:00","dateModified":"2024-01-14T17:48:04+00:00","description":"estudio de arquitectura","breadcrumb":{"@id":"https:\/\/antoniopalenzuela.com\/index.php\/alomartes\/#breadcrumb"},"inLanguage":"es","potentialAction":[{"@type":"ReadAction","target":["https:\/\/antoniopalenzuela.com\/index.php\/alomartes\/"]}]},{"@type":"BreadcrumbList","@id":"https:\/\/antoniopalenzuela.com\/index.php\/alomartes\/#breadcrumb","itemListElement":[{"@type":"ListItem","position":1,"name":"Home","item":"https:\/\/antoniopalenzuela.com\/"},{"@type":"ListItem","position":2,"name":"alomartes"}]}]}},"_links":{"self":[{"href":"https:\/\/antoniopalenzuela.com\/index.php\/wp-json\/wp\/v2\/pages\/18892"}],"collection":[{"href":"https:\/\/antoniopalenzuela.com\/index.php\/wp-json\/wp\/v2\/pages"}],"about":[{"href":"https:\/\/antoniopalenzuela.com\/index.php\/wp-json\/wp\/v2\/types\/page"}],"author":[{"embeddable":true,"href":"https:\/\/antoniopalenzuela.com\/index.php\/wp-json\/wp\/v2\/users\/1"}],"replies":[{"embeddable":true,"href":"https:\/\/antoniopalenzuela.com\/index.php\/wp-json\/wp\/v2\/comments?post=18892"}],"version-history":[{"count":52,"href":"https:\/\/antoniopalenzuela.com\/index.php\/wp-json\/wp\/v2\/pages\/18892\/revisions"}],"predecessor-version":[{"id":19916,"href":"https:\/\/antoniopalenzuela.com\/index.php\/wp-json\/wp\/v2\/pages\/18892\/revisions\/19916"}],"wp:attachment":[{"href":"https:\/\/antoniopalenzuela.com\/index.php\/wp-json\/wp\/v2\/media?parent=18892"}],"curies":[{"name":"wp","href":"https:\/\/api.w.org\/{rel}","templated":true}]}}