{"id":18887,"date":"2021-05-26T11:18:26","date_gmt":"2021-05-26T11:18:26","guid":{"rendered":"https:\/\/antoniopalenzuela.com\/?page_id=18887"},"modified":"2024-01-14T17:35:23","modified_gmt":"2024-01-14T17:35:23","slug":"somera","status":"publish","type":"page","link":"https:\/\/antoniopalenzuela.com\/index.php\/somera\/","title":{"rendered":"somera"},"content":{"rendered":"\t\t<div data-elementor-type=\"wp-page\" data-elementor-id=\"18887\" class=\"elementor elementor-18887\">\n\t\t\t\t\t\t<div class=\"elementor-inner\">\n\t\t\t\t<div class=\"elementor-section-wrap\">\n\t\t\t\t\t\t\t\t\t<section class=\"elementor-section elementor-top-section elementor-element elementor-element-b5b7800 elementor-section-boxed elementor-section-height-default elementor-section-height-default parallax_section_no qode_elementor_container_no\" data-id=\"b5b7800\" data-element_type=\"section\">\n\t\t\t\t\t\t<div class=\"elementor-container elementor-column-gap-default\">\n\t\t\t\t\t\t\t<div class=\"elementor-row\">\n\t\t\t\t\t<div class=\"elementor-column elementor-col-100 elementor-top-column elementor-element elementor-element-6ecdb23\" data-id=\"6ecdb23\" data-element_type=\"column\">\n\t\t\t<div class=\"elementor-column-wrap elementor-element-populated\">\n\t\t\t\t\t\t\t<div class=\"elementor-widget-wrap\">\n\t\t\t\t\t\t<div class=\"elementor-element elementor-element-3ebcd52 elementor-arrows-position-inside elementor-widget elementor-widget-image-carousel\" data-id=\"3ebcd52\" data-element_type=\"widget\" data-settings=\"{&quot;slides_to_show&quot;:&quot;1&quot;,&quot;navigation&quot;:&quot;arrows&quot;,&quot;autoplay&quot;:&quot;no&quot;,&quot;infinite&quot;:&quot;no&quot;,&quot;speed&quot;:400,&quot;effect&quot;:&quot;slide&quot;}\" data-widget_type=\"image-carousel.default\">\n\t\t\t\t<div class=\"elementor-widget-container\">\n\t\t\t\t\t<div class=\"elementor-image-carousel-wrapper swiper-container\" dir=\"ltr\">\n\t\t\t<div class=\"elementor-image-carousel swiper-wrapper\">\n\t\t\t\t\t\t\t\t<div class=\"swiper-slide\"><figure class=\"swiper-slide-inner\"><img class=\"swiper-slide-image\" src=\"https:\/\/antoniopalenzuela.com\/wp-content\/uploads\/elementor\/thumbs\/p01-scaled-p7e7dfiusp7o97145vlmkw1y2wb0wgqy5k82zc9bpu.jpg\" alt=\"somera1\" \/><\/figure><\/div><div class=\"swiper-slide\"><figure class=\"swiper-slide-inner\"><img class=\"swiper-slide-image\" src=\"https:\/\/antoniopalenzuela.com\/wp-content\/uploads\/elementor\/thumbs\/p04-scaled-e1622046603569-p7qrzam16ma837a9fzmzw6v46lxd0k99op5hwd6nwy.jpg\" alt=\"p04\" \/><\/figure><\/div><div class=\"swiper-slide\"><figure class=\"swiper-slide-inner\"><img class=\"swiper-slide-image\" src=\"https:\/\/antoniopalenzuela.com\/wp-content\/uploads\/elementor\/thumbs\/p05-scaled-e1622046552732-p7qrxyo9i2gln37w7wx0v0ylvyhn3zyyi3vqf95qqa.jpg\" alt=\"p05\" \/><\/figure><\/div><div class=\"swiper-slide\"><figure class=\"swiper-slide-inner\"><img class=\"swiper-slide-image\" src=\"https:\/\/antoniopalenzuela.com\/wp-content\/uploads\/elementor\/thumbs\/p06-scaled-e1622046497379-p7qrwiz526htwjazlskjjw097rkgcn9pz00111ae8i.jpg\" alt=\"p06\" \/><\/figure><\/div><div class=\"swiper-slide\"><figure class=\"swiper-slide-inner\"><img class=\"swiper-slide-image\" src=\"https:\/\/antoniopalenzuela.com\/wp-content\/uploads\/elementor\/thumbs\/p08-scaled-e1622046440933-p7qrv1ec8mghirgtanet3rizcswj5wd0rmtco9hu36.jpg\" alt=\"p08\" \/><\/figure><\/div><div class=\"swiper-slide\"><figure class=\"swiper-slide-inner\"><img class=\"swiper-slide-image\" src=\"https:\/\/antoniopalenzuela.com\/wp-content\/uploads\/elementor\/thumbs\/p07-scaled-p7qbm4dve1r0u93astegid6vqzvvaga50k9zrkra1e.jpg\" alt=\"p07\" \/><\/figure><\/div><div class=\"swiper-slide\"><figure class=\"swiper-slide-inner\"><img class=\"swiper-slide-image\" src=\"https:\/\/antoniopalenzuela.com\/wp-content\/uploads\/elementor\/thumbs\/p10-scaled-p7qbn6x9697s29jbjs25ulgs3slx21j4tv0wfx64ya.jpg\" alt=\"p10\" \/><\/figure><\/div><div class=\"swiper-slide\"><figure class=\"swiper-slide-inner\"><img class=\"swiper-slide-image\" src=\"https:\/\/antoniopalenzuela.com\/wp-content\/uploads\/elementor\/thumbs\/p09-scaled-p7qbmvn6w8sc6xzpdn6n0ob8z65ihoacsb72olmv0y.jpg\" alt=\"p09\" \/><\/figure><\/div><div class=\"swiper-slide\"><figure class=\"swiper-slide-inner\"><img class=\"swiper-slide-image\" src=\"https:\/\/antoniopalenzuela.com\/wp-content\/uploads\/elementor\/thumbs\/p12-scaled-p7qbni7bg9n7xl2xpwxooimb8f2bmerwveuq78pevm.jpg\" alt=\"p12\" \/><\/figure><\/div><div class=\"swiper-slide\"><figure class=\"swiper-slide-inner\"><img class=\"swiper-slide-image\" src=\"https:\/\/antoniopalenzuela.com\/wp-content\/uploads\/elementor\/thumbs\/p13-scaled-p7qbnthdqa2nswmjw1t7ifrud1iq6s0owyojyk8osy.jpg\" alt=\"p13\" \/><\/figure><\/div><div class=\"swiper-slide\"><figure class=\"swiper-slide-inner\"><img class=\"swiper-slide-image\" src=\"https:\/\/antoniopalenzuela.com\/wp-content\/uploads\/elementor\/thumbs\/p16-scaled-e1623064764385-p8bafijpb02sn27z9nyho96szdornerpodfmwyhvgy.jpg\" alt=\"p16\" \/><\/figure><\/div><div class=\"swiper-slide\"><figure class=\"swiper-slide-inner\"><img class=\"swiper-slide-image\" src=\"https:\/\/antoniopalenzuela.com\/wp-content\/uploads\/elementor\/thumbs\/p16-1-scaled-e1623064849371-p8bahqfzfx461wzxb4hs270zh4qytokwbcvwph7es2.jpg\" alt=\"p16\" \/><\/figure><\/div><div class=\"swiper-slide\"><figure class=\"swiper-slide-inner\"><img class=\"swiper-slide-image\" src=\"https:\/\/antoniopalenzuela.com\/wp-content\/uploads\/elementor\/thumbs\/ANTERIOR1-p8cy7amylhpan4n2ds8jn9e8pvu4j96s6p314k13f6.png\" alt=\"ANTERIOR1\" \/><\/figure><\/div><div class=\"swiper-slide\"><figure class=\"swiper-slide-inner\"><img class=\"swiper-slide-image\" src=\"https:\/\/antoniopalenzuela.com\/wp-content\/uploads\/elementor\/thumbs\/ANTERIOR2-p8cy7nsp967b5o3y8xxbm62p1a19j0n0wi7tufhl02.png\" alt=\"ANTERIOR2\" \/><\/figure><\/div><div class=\"swiper-slide\"><figure class=\"swiper-slide-inner\"><img class=\"swiper-slide-image\" src=\"https:\/\/antoniopalenzuela.com\/wp-content\/uploads\/elementor\/thumbs\/AXONOMETRI\u0301A-ANTERIOR-scaled-p8cy5c52cx0sgdhgtfriy96o5zhlhyewx05m4sxmdu.jpg\" alt=\"AXONOMETRI\u0301A ANTERIOR\" \/><\/figure><\/div><div class=\"swiper-slide\"><figure class=\"swiper-slide-inner\"><img class=\"swiper-slide-image\" src=\"https:\/\/antoniopalenzuela.com\/wp-content\/uploads\/elementor\/thumbs\/AXONOMETRI\u0301A-scaled-p8cy6buxkmdopk1l0v7cl066qmljmgcppwy2dbgnte.jpg\" alt=\"AXONOMETRI\u0301A\" \/><\/figure><\/div>\t\t\t<\/div>\n\t\t\t\t\t\t\t\t\t\t\t\t\t\t\t\t<div class=\"elementor-swiper-button elementor-swiper-button-prev\">\n\t\t\t\t\t\t<i aria-hidden=\"true\" class=\"eicon-chevron-left\"><\/i>\t\t\t\t\t\t<span class=\"elementor-screen-only\">Anterior<\/span>\n\t\t\t\t\t<\/div>\n\t\t\t\t\t<div class=\"elementor-swiper-button elementor-swiper-button-next\">\n\t\t\t\t\t\t<i aria-hidden=\"true\" class=\"eicon-chevron-right\"><\/i>\t\t\t\t\t\t<span class=\"elementor-screen-only\">Siguiente<\/span>\n\t\t\t\t\t<\/div>\n\t\t\t\t\t\t\t\t\t<\/div>\n\t\t\t\t<\/div>\n\t\t\t\t<\/div>\n\t\t\t\t\t\t<\/div>\n\t\t\t\t\t<\/div>\n\t\t<\/div>\n\t\t\t\t\t\t\t\t<\/div>\n\t\t\t\t\t<\/div>\n\t\t<\/section>\n\t\t\t\t<section class=\"elementor-section elementor-top-section elementor-element elementor-element-45e270a elementor-section-boxed elementor-section-height-default elementor-section-height-default parallax_section_no qode_elementor_container_no\" data-id=\"45e270a\" data-element_type=\"section\">\n\t\t\t\t\t\t<div class=\"elementor-container elementor-column-gap-default\">\n\t\t\t\t\t\t\t<div class=\"elementor-row\">\n\t\t\t\t\t<div class=\"elementor-column elementor-col-50 elementor-top-column elementor-element elementor-element-4ba71b9\" data-id=\"4ba71b9\" data-element_type=\"column\">\n\t\t\t<div class=\"elementor-column-wrap elementor-element-populated\">\n\t\t\t\t\t\t\t<div class=\"elementor-widget-wrap\">\n\t\t\t\t\t\t<div class=\"elementor-element elementor-element-a2d9bc3 elementor-widget elementor-widget-text-editor\" data-id=\"a2d9bc3\" data-element_type=\"widget\" data-widget_type=\"text-editor.default\">\n\t\t\t\t<div class=\"elementor-widget-container\">\n\t\t\t\t\t\t\t\t<div class=\"elementor-text-editor elementor-clearfix\">\n\t\t\t\t<h1>viviendas Somera<\/h1><h1>M\u00e1laga<\/h1><h2>2015\/2018<\/h2><div>\u00a0<\/div><p>El edificio est\u00e1 compuesto por dos bloques que datan del a\u00f1o 1886 y forman una sola unidad arquitect\u00f3nica. Fue dise\u00f1ado por D. Jer\u00f3nimo Cuervo, prestigioso arquitecto procedente de Madrid, aunque desempe\u00f1\u00f3 pr\u00e1cticamente toda su actividad profesional en M\u00e1laga, donde realiz\u00f3 gran parte de las construcciones m\u00e1s conocidas y valoradas por la ciudadan\u00eda de M\u00e1laga, como son el Teatro Cervantes, o las viviendas de Plaza de la Merced.<\/p><p>\u00a0 \u00a0 Por tanto, nos encontramos ante un edificio de un indudable valor arquitect\u00f3nico y con una normativa de protecci\u00f3n arquitect\u00f3nica, que obliga al mantenimiento tanto de su estructura como de la composici\u00f3n de su fachada que se caracteriza por una elegante sobriedad.<\/p><p>\u00a0 \u00a0 La actuaci\u00f3n pretende responder con el mayor de los respetos con la historia del inmueble y su simbolismo asociado a la arquitectura burguesa malague\u00f1a del siglo XIX, con una intervenci\u00f3n que se circunscribe al refuerzo y consolidaci\u00f3n de su cimentaci\u00f3n y estructura, y a la redistribuci\u00f3n de los espacios interiores para una mejor habitabilidad de la nuevas viviendas proyectadas en el mismo.<\/p><p>\u00a0 \u00a0 Las nuevas 28 viviendas se insertan de manera silenciosa en la estructura originaria del edificio, solo vi\u00e9ndose alterado el acceso a los portales. Ahora se van a practicar a trav\u00e9s de dos nuevos zaguanes que desembocan en los patios que se han abierto en planta baja. El edificio originalmente manten\u00eda una planta baja sustentada por columnas de fundici\u00f3n sin acceso a ninguno de los patios existentes, que solo introduc\u00edan luz hasta la planta primera.<\/p><p>\u00a0 \u00a0 La recuperaci\u00f3n de los patios que ahora van a formar parte de la planta baja y sus accesos, es la contribuci\u00f3n que se hace a este hist\u00f3rico edificio para mejorar la calidad del espacio interior por medio de la luz y el aire.<\/p>\t\t\t\t\t<\/div>\n\t\t\t\t\t\t<\/div>\n\t\t\t\t<\/div>\n\t\t\t\t\t\t<\/div>\n\t\t\t\t\t<\/div>\n\t\t<\/div>\n\t\t\t\t<div class=\"elementor-column elementor-col-50 elementor-top-column elementor-element elementor-element-e135de1\" data-id=\"e135de1\" data-element_type=\"column\">\n\t\t\t<div class=\"elementor-column-wrap elementor-element-populated\">\n\t\t\t\t\t\t\t<div class=\"elementor-widget-wrap\">\n\t\t\t\t\t\t<div class=\"elementor-element elementor-element-731166b elementor-widget elementor-widget-text-editor\" data-id=\"731166b\" data-element_type=\"widget\" data-widget_type=\"text-editor.default\">\n\t\t\t\t<div class=\"elementor-widget-container\">\n\t\t\t\t\t\t\t\t<div class=\"elementor-text-editor elementor-clearfix\">\n\t\t\t\t<h2>\u00a0<\/h2><h2>\u00a0<\/h2><h2>\u00a0<\/h2><h2>\u00a0<\/h2><h2>\u00a0<\/h2><h2><em>The building is made up of two blocks dating from 1886 and forms a single architectural unit. It was designed by D. Jer\u00f3nimo Cuervo, a prestigious architect from Madrid, although he carried out practically all his professional activity in Malaga, where he carried out a large part of the most well-known and valued constructions by the citizens of Malaga, such as the Cervantes Theatre, or the dwellings in Plaza de la Merced. <\/em><em>We are therefore faced with a building of unquestionable architectural value and with architectural protection regulations that require the maintenance of both its structure and the composition of its fa\u00e7ade, which is characterised by its elegant sobriety. <\/em><em>The project seeks to respond with the utmost respect for the history of the building and its symbolism associated with 19th-century bourgeois architecture in Malaga, with an intervention that is limited to the reinforcement and consolidation of its foundations and structure, and the redistribution of the interior spaces to improve the habitability of the new dwellings planned for the building. <\/em><em>The new 28 dwellings are silently inserted into the original structure of the building, with only the access to the doorways being altered. They will now be implemented through two new vestibules that lead to the courtyards that have been opened on the ground floor. The building originally had a ground floor supported by cast-iron columns without access to any of the existing courtyards, which only brought light up to the first floor. <\/em><em>The recovery of the courtyards, which will now form part of the ground floor and its accesses, is the contribution made to this historic building to improve the quality of the interior space by means of light and air.<\/em><\/h2>\t\t\t\t\t<\/div>\n\t\t\t\t\t\t<\/div>\n\t\t\t\t<\/div>\n\t\t\t\t\t\t<\/div>\n\t\t\t\t\t<\/div>\n\t\t<\/div>\n\t\t\t\t\t\t\t\t<\/div>\n\t\t\t\t\t<\/div>\n\t\t<\/section>\n\t\t\t\t<section class=\"elementor-section elementor-top-section elementor-element elementor-element-77b2031 elementor-section-boxed elementor-section-height-default elementor-section-height-default parallax_section_no qode_elementor_container_no\" data-id=\"77b2031\" data-element_type=\"section\">\n\t\t\t\t\t\t<div class=\"elementor-container elementor-column-gap-default\">\n\t\t\t\t\t\t\t<div class=\"elementor-row\">\n\t\t\t\t\t<div class=\"elementor-column elementor-col-100 elementor-top-column elementor-element elementor-element-d2846c2\" data-id=\"d2846c2\" data-element_type=\"column\">\n\t\t\t<div class=\"elementor-column-wrap elementor-element-populated\">\n\t\t\t\t\t\t\t<div class=\"elementor-widget-wrap\">\n\t\t\t\t\t\t<div class=\"elementor-element elementor-element-2e3ab28 elementor-widget elementor-widget-text-editor\" data-id=\"2e3ab28\" data-element_type=\"widget\" data-widget_type=\"text-editor.default\">\n\t\t\t\t<div class=\"elementor-widget-container\">\n\t\t\t\t\t\t\t\t<div class=\"elementor-text-editor elementor-clearfix\">\n\t\t\t\t<h2>Promotor:\u00a0 \u00a0 \u00a0 Promolar Desarrollos Urbanos SL<\/h2><h2>Presupuesto:\u00a0 3.370.651,88 \u20ac<\/h2><h2>Superficie:\u00a0 \u00a0 \u00a0 2.658,21 m2<\/h2><h2>Fotograf\u00eda:\u00a0 \u00a0 \u00a0\u00a9Fernando Alda<\/h2><h2 class=\"MsoNormal\" style=\"text-align: justify;\"><span style=\"mso-ansi-language: ES-TRAD;\">\u00a0<\/span><\/h2><p class=\"MsoNormal\" style=\"text-align: justify;\"><span style=\"mso-ansi-language: ES-TRAD;\">\u00a0<\/span><\/p>\t\t\t\t\t<\/div>\n\t\t\t\t\t\t<\/div>\n\t\t\t\t<\/div>\n\t\t\t\t\t\t<\/div>\n\t\t\t\t\t<\/div>\n\t\t<\/div>\n\t\t\t\t\t\t\t\t<\/div>\n\t\t\t\t\t<\/div>\n\t\t<\/section>\n\t\t\t\t\t\t\t\t\t<\/div>\n\t\t\t<\/div>\n\t\t\t\t\t<\/div>\n\t\t","protected":false},"excerpt":{"rendered":"<p>Anterior Siguiente viviendas Somera M\u00e1laga 2015\/2018 \u00a0 El edificio est\u00e1 compuesto por dos bloques que datan del a\u00f1o 1886 y forman una sola unidad arquitect\u00f3nica. Fue dise\u00f1ado por D. Jer\u00f3nimo Cuervo, prestigioso arquitecto procedente de Madrid, aunque desempe\u00f1\u00f3 pr\u00e1cticamente toda su actividad profesional en M\u00e1laga,&#8230;<\/p>\n","protected":false},"author":1,"featured_media":0,"parent":0,"menu_order":0,"comment_status":"closed","ping_status":"closed","template":"","meta":[],"yoast_head":"<!-- This site is optimized with the Yoast SEO plugin v18.4.1 - https:\/\/yoast.com\/wordpress\/plugins\/seo\/ -->\n<title>somera - PALENZVELA taller de arquitectura<\/title>\n<meta name=\"description\" content=\"estudio de arquitectura\" \/>\n<meta name=\"robots\" content=\"index, follow, max-snippet:-1, max-image-preview:large, max-video-preview:-1\" \/>\n<link rel=\"canonical\" href=\"https:\/\/antoniopalenzuela.com\/index.php\/somera\/\" \/>\n<meta property=\"og:locale\" content=\"es_ES\" \/>\n<meta property=\"og:type\" content=\"article\" \/>\n<meta property=\"og:title\" content=\"somera - PALENZVELA taller de arquitectura\" \/>\n<meta property=\"og:description\" content=\"estudio de arquitectura\" \/>\n<meta property=\"og:url\" content=\"https:\/\/antoniopalenzuela.com\/index.php\/somera\/\" \/>\n<meta property=\"og:site_name\" content=\"PALENZVELA taller de arquitectura\" \/>\n<meta property=\"article:modified_time\" content=\"2024-01-14T17:35:23+00:00\" \/>\n<meta property=\"og:image\" content=\"https:\/\/antoniopalenzuela.com\/wp-content\/uploads\/elementor\/thumbs\/p01-scaled-p7e7dfiusp7o97145vlmkw1y2wb0wgqy5k82zc9bpu.jpg\" \/>\n<meta name=\"twitter:card\" content=\"summary_large_image\" \/>\n<meta name=\"twitter:label1\" content=\"Tiempo de lectura\" \/>\n\t<meta name=\"twitter:data1\" content=\"6 minutos\" \/>\n<script type=\"application\/ld+json\" class=\"yoast-schema-graph\">{\"@context\":\"https:\/\/schema.org\",\"@graph\":[{\"@type\":\"WebSite\",\"@id\":\"https:\/\/antoniopalenzuela.com\/#website\",\"url\":\"https:\/\/antoniopalenzuela.com\/\",\"name\":\"PALENZVELA taller de arquitectura\",\"description\":\"antonio palenzuela navarro arquitecto\",\"potentialAction\":[{\"@type\":\"SearchAction\",\"target\":{\"@type\":\"EntryPoint\",\"urlTemplate\":\"https:\/\/antoniopalenzuela.com\/?s={search_term_string}\"},\"query-input\":\"required name=search_term_string\"}],\"inLanguage\":\"es\"},{\"@type\":\"ImageObject\",\"@id\":\"https:\/\/antoniopalenzuela.com\/index.php\/somera\/#primaryimage\",\"inLanguage\":\"es\",\"url\":\"https:\/\/antoniopalenzuela.com\/wp-content\/uploads\/elementor\/thumbs\/p01-scaled-p7e7dfiusp7o97145vlmkw1y2wb0wgqy5k82zc9bpu.jpg\",\"contentUrl\":\"https:\/\/antoniopalenzuela.com\/wp-content\/uploads\/elementor\/thumbs\/p01-scaled-p7e7dfiusp7o97145vlmkw1y2wb0wgqy5k82zc9bpu.jpg\"},{\"@type\":\"WebPage\",\"@id\":\"https:\/\/antoniopalenzuela.com\/index.php\/somera\/#webpage\",\"url\":\"https:\/\/antoniopalenzuela.com\/index.php\/somera\/\",\"name\":\"somera - PALENZVELA taller de arquitectura\",\"isPartOf\":{\"@id\":\"https:\/\/antoniopalenzuela.com\/#website\"},\"primaryImageOfPage\":{\"@id\":\"https:\/\/antoniopalenzuela.com\/index.php\/somera\/#primaryimage\"},\"datePublished\":\"2021-05-26T11:18:26+00:00\",\"dateModified\":\"2024-01-14T17:35:23+00:00\",\"description\":\"estudio de arquitectura\",\"breadcrumb\":{\"@id\":\"https:\/\/antoniopalenzuela.com\/index.php\/somera\/#breadcrumb\"},\"inLanguage\":\"es\",\"potentialAction\":[{\"@type\":\"ReadAction\",\"target\":[\"https:\/\/antoniopalenzuela.com\/index.php\/somera\/\"]}]},{\"@type\":\"BreadcrumbList\",\"@id\":\"https:\/\/antoniopalenzuela.com\/index.php\/somera\/#breadcrumb\",\"itemListElement\":[{\"@type\":\"ListItem\",\"position\":1,\"name\":\"Home\",\"item\":\"https:\/\/antoniopalenzuela.com\/\"},{\"@type\":\"ListItem\",\"position\":2,\"name\":\"somera\"}]}]}<\/script>\n<!-- \/ Yoast SEO plugin. -->","yoast_head_json":{"title":"somera - PALENZVELA taller de arquitectura","description":"estudio de arquitectura","robots":{"index":"index","follow":"follow","max-snippet":"max-snippet:-1","max-image-preview":"max-image-preview:large","max-video-preview":"max-video-preview:-1"},"canonical":"https:\/\/antoniopalenzuela.com\/index.php\/somera\/","og_locale":"es_ES","og_type":"article","og_title":"somera - PALENZVELA taller de arquitectura","og_description":"estudio de arquitectura","og_url":"https:\/\/antoniopalenzuela.com\/index.php\/somera\/","og_site_name":"PALENZVELA taller de arquitectura","article_modified_time":"2024-01-14T17:35:23+00:00","og_image":[{"url":"https:\/\/antoniopalenzuela.com\/wp-content\/uploads\/elementor\/thumbs\/p01-scaled-p7e7dfiusp7o97145vlmkw1y2wb0wgqy5k82zc9bpu.jpg"}],"twitter_card":"summary_large_image","twitter_misc":{"Tiempo de lectura":"6 minutos"},"schema":{"@context":"https:\/\/schema.org","@graph":[{"@type":"WebSite","@id":"https:\/\/antoniopalenzuela.com\/#website","url":"https:\/\/antoniopalenzuela.com\/","name":"PALENZVELA taller de arquitectura","description":"antonio palenzuela navarro arquitecto","potentialAction":[{"@type":"SearchAction","target":{"@type":"EntryPoint","urlTemplate":"https:\/\/antoniopalenzuela.com\/?s={search_term_string}"},"query-input":"required name=search_term_string"}],"inLanguage":"es"},{"@type":"ImageObject","@id":"https:\/\/antoniopalenzuela.com\/index.php\/somera\/#primaryimage","inLanguage":"es","url":"https:\/\/antoniopalenzuela.com\/wp-content\/uploads\/elementor\/thumbs\/p01-scaled-p7e7dfiusp7o97145vlmkw1y2wb0wgqy5k82zc9bpu.jpg","contentUrl":"https:\/\/antoniopalenzuela.com\/wp-content\/uploads\/elementor\/thumbs\/p01-scaled-p7e7dfiusp7o97145vlmkw1y2wb0wgqy5k82zc9bpu.jpg"},{"@type":"WebPage","@id":"https:\/\/antoniopalenzuela.com\/index.php\/somera\/#webpage","url":"https:\/\/antoniopalenzuela.com\/index.php\/somera\/","name":"somera - PALENZVELA taller de arquitectura","isPartOf":{"@id":"https:\/\/antoniopalenzuela.com\/#website"},"primaryImageOfPage":{"@id":"https:\/\/antoniopalenzuela.com\/index.php\/somera\/#primaryimage"},"datePublished":"2021-05-26T11:18:26+00:00","dateModified":"2024-01-14T17:35:23+00:00","description":"estudio de arquitectura","breadcrumb":{"@id":"https:\/\/antoniopalenzuela.com\/index.php\/somera\/#breadcrumb"},"inLanguage":"es","potentialAction":[{"@type":"ReadAction","target":["https:\/\/antoniopalenzuela.com\/index.php\/somera\/"]}]},{"@type":"BreadcrumbList","@id":"https:\/\/antoniopalenzuela.com\/index.php\/somera\/#breadcrumb","itemListElement":[{"@type":"ListItem","position":1,"name":"Home","item":"https:\/\/antoniopalenzuela.com\/"},{"@type":"ListItem","position":2,"name":"somera"}]}]}},"_links":{"self":[{"href":"https:\/\/antoniopalenzuela.com\/index.php\/wp-json\/wp\/v2\/pages\/18887"}],"collection":[{"href":"https:\/\/antoniopalenzuela.com\/index.php\/wp-json\/wp\/v2\/pages"}],"about":[{"href":"https:\/\/antoniopalenzuela.com\/index.php\/wp-json\/wp\/v2\/types\/page"}],"author":[{"embeddable":true,"href":"https:\/\/antoniopalenzuela.com\/index.php\/wp-json\/wp\/v2\/users\/1"}],"replies":[{"embeddable":true,"href":"https:\/\/antoniopalenzuela.com\/index.php\/wp-json\/wp\/v2\/comments?post=18887"}],"version-history":[{"count":64,"href":"https:\/\/antoniopalenzuela.com\/index.php\/wp-json\/wp\/v2\/pages\/18887\/revisions"}],"predecessor-version":[{"id":19892,"href":"https:\/\/antoniopalenzuela.com\/index.php\/wp-json\/wp\/v2\/pages\/18887\/revisions\/19892"}],"wp:attachment":[{"href":"https:\/\/antoniopalenzuela.com\/index.php\/wp-json\/wp\/v2\/media?parent=18887"}],"curies":[{"name":"wp","href":"https:\/\/api.w.org\/{rel}","templated":true}]}}