{"id":18879,"date":"2021-05-26T11:10:01","date_gmt":"2021-05-26T11:10:01","guid":{"rendered":"https:\/\/antoniopalenzuela.com\/?page_id=18879"},"modified":"2024-01-14T17:59:39","modified_gmt":"2024-01-14T17:59:39","slug":"almerimar","status":"publish","type":"page","link":"https:\/\/antoniopalenzuela.com\/index.php\/almerimar\/","title":{"rendered":"almerimar"},"content":{"rendered":"\t\t<div data-elementor-type=\"wp-page\" data-elementor-id=\"18879\" class=\"elementor elementor-18879\">\n\t\t\t\t\t\t<div class=\"elementor-inner\">\n\t\t\t\t<div class=\"elementor-section-wrap\">\n\t\t\t\t\t\t\t\t\t<section class=\"elementor-section elementor-top-section elementor-element elementor-element-4c67428 elementor-section-boxed elementor-section-height-default elementor-section-height-default parallax_section_no qode_elementor_container_no\" data-id=\"4c67428\" data-element_type=\"section\">\n\t\t\t\t\t\t<div class=\"elementor-container elementor-column-gap-default\">\n\t\t\t\t\t\t\t<div class=\"elementor-row\">\n\t\t\t\t\t<div class=\"elementor-column elementor-col-100 elementor-top-column elementor-element elementor-element-aee2933\" data-id=\"aee2933\" data-element_type=\"column\">\n\t\t\t<div class=\"elementor-column-wrap elementor-element-populated\">\n\t\t\t\t\t\t\t<div class=\"elementor-widget-wrap\">\n\t\t\t\t\t\t<div class=\"elementor-element elementor-element-a017d26 elementor-arrows-position-inside elementor-widget elementor-widget-image-carousel\" data-id=\"a017d26\" data-element_type=\"widget\" data-settings=\"{&quot;slides_to_show&quot;:&quot;1&quot;,&quot;navigation&quot;:&quot;arrows&quot;,&quot;autoplay&quot;:&quot;no&quot;,&quot;infinite&quot;:&quot;no&quot;,&quot;speed&quot;:400,&quot;effect&quot;:&quot;slide&quot;}\" data-widget_type=\"image-carousel.default\">\n\t\t\t\t<div class=\"elementor-widget-container\">\n\t\t\t\t\t<div class=\"elementor-image-carousel-wrapper swiper-container\" dir=\"ltr\">\n\t\t\t<div class=\"elementor-image-carousel swiper-wrapper\">\n\t\t\t\t\t\t\t\t<div class=\"swiper-slide\"><figure class=\"swiper-slide-inner\"><img class=\"swiper-slide-image\" src=\"https:\/\/antoniopalenzuela.com\/wp-content\/uploads\/elementor\/thumbs\/03-scaled-e1622046345561-p7qrsk3o7d28vt2is2t90w26x74nuniircu82z68ia.jpg\" alt=\"03\" \/><\/figure><\/div><div class=\"swiper-slide\"><figure class=\"swiper-slide-inner\"><img class=\"swiper-slide-image\" src=\"https:\/\/antoniopalenzuela.com\/wp-content\/uploads\/elementor\/thumbs\/02-scaled-e1622046384235-p7qrtkrdlwgfgll9u0np84t6383z6uk1wea5srnvrm.jpg\" alt=\"02\" \/><\/figure><\/div><div class=\"swiper-slide\"><figure class=\"swiper-slide-inner\"><img class=\"swiper-slide-image\" src=\"https:\/\/antoniopalenzuela.com\/wp-content\/uploads\/elementor\/thumbs\/10-2-scaled-e1622046008945-p7qrjrc2870m77un5rvz6lzuqchysnkz7szlcq7wr6.jpg\" alt=\"10\" \/><\/figure><\/div><div class=\"swiper-slide\"><figure class=\"swiper-slide-inner\"><img class=\"swiper-slide-image\" src=\"https:\/\/antoniopalenzuela.com\/wp-content\/uploads\/elementor\/thumbs\/08-scaled-e1622046147924-p7qrndzmm5zh10kuyud4b70xawlzikzo1ro326u6qa.jpg\" alt=\"08\" \/><\/figure><\/div><div class=\"swiper-slide\"><figure class=\"swiper-slide-inner\"><img class=\"swiper-slide-image\" src=\"https:\/\/antoniopalenzuela.com\/wp-content\/uploads\/elementor\/thumbs\/07-scaled-p7qc1tavhh8cnwaq63l8mwmwrkjgsjkti8ct6vho5u.jpg\" alt=\"07\" \/><\/figure><\/div><div class=\"swiper-slide\"><figure class=\"swiper-slide-inner\"><img class=\"swiper-slide-image\" src=\"https:\/\/antoniopalenzuela.com\/wp-content\/uploads\/elementor\/thumbs\/06-scaled-e1622046200521-p7qrort2odvo4ckhvxwchcgcsbsfujhfwm8thusbki.jpg\" alt=\"06\" \/><\/figure><\/div><div class=\"swiper-slide\"><figure class=\"swiper-slide-inner\"><img class=\"swiper-slide-image\" src=\"https:\/\/antoniopalenzuela.com\/wp-content\/uploads\/elementor\/thumbs\/05-scaled-e1622046256433-p7qrq8g1b3vq6ig1ckngcz661wkztlaerus0dcm9w2.jpg\" alt=\"05\" \/><\/figure><\/div><div class=\"swiper-slide\"><figure class=\"swiper-slide-inner\"><img class=\"swiper-slide-image\" src=\"https:\/\/antoniopalenzuela.com\/wp-content\/uploads\/elementor\/thumbs\/04-scaled-e1622046296615-p7qrrazf3bcheiw23jb5p7g2epb1l6jel5ix1p14sy.jpg\" alt=\"04\" \/><\/figure><\/div><div class=\"swiper-slide\"><figure class=\"swiper-slide-inner\"><img class=\"swiper-slide-image\" src=\"https:\/\/antoniopalenzuela.com\/wp-content\/uploads\/elementor\/thumbs\/PERSPECTIVA-scaled-p7tup1l106h2lprfguo6sefd1koc8felobq4vjh3ma.jpg\" alt=\"PERSPECTIVA\" \/><\/figure><\/div><div class=\"swiper-slide\"><figure class=\"swiper-slide-inner\"><img class=\"swiper-slide-image\" src=\"https:\/\/antoniopalenzuela.com\/wp-content\/uploads\/elementor\/thumbs\/PERSPECTIVA-EXPLOSIONADA-scaled-p80sdlu9kt501bdfkph50o229n70e0djtkw5pa1keq.jpg\" alt=\"PERSPECTIVA EXPLOSIONADA\" \/><\/figure><\/div>\t\t\t<\/div>\n\t\t\t\t\t\t\t\t\t\t\t\t\t\t\t\t<div class=\"elementor-swiper-button elementor-swiper-button-prev\">\n\t\t\t\t\t\t<i aria-hidden=\"true\" class=\"eicon-chevron-left\"><\/i>\t\t\t\t\t\t<span class=\"elementor-screen-only\">Anterior<\/span>\n\t\t\t\t\t<\/div>\n\t\t\t\t\t<div class=\"elementor-swiper-button elementor-swiper-button-next\">\n\t\t\t\t\t\t<i aria-hidden=\"true\" class=\"eicon-chevron-right\"><\/i>\t\t\t\t\t\t<span class=\"elementor-screen-only\">Siguiente<\/span>\n\t\t\t\t\t<\/div>\n\t\t\t\t\t\t\t\t\t<\/div>\n\t\t\t\t<\/div>\n\t\t\t\t<\/div>\n\t\t\t\t\t\t<\/div>\n\t\t\t\t\t<\/div>\n\t\t<\/div>\n\t\t\t\t\t\t\t\t<\/div>\n\t\t\t\t\t<\/div>\n\t\t<\/section>\n\t\t\t\t<section class=\"elementor-section elementor-top-section elementor-element elementor-element-beb2437 elementor-section-boxed elementor-section-height-default elementor-section-height-default parallax_section_no qode_elementor_container_no\" data-id=\"beb2437\" data-element_type=\"section\">\n\t\t\t\t\t\t<div class=\"elementor-container elementor-column-gap-default\">\n\t\t\t\t\t\t\t<div class=\"elementor-row\">\n\t\t\t\t\t<div class=\"elementor-column elementor-col-50 elementor-top-column elementor-element elementor-element-e3e7145\" data-id=\"e3e7145\" data-element_type=\"column\">\n\t\t\t<div class=\"elementor-column-wrap elementor-element-populated\">\n\t\t\t\t\t\t\t<div class=\"elementor-widget-wrap\">\n\t\t\t\t\t\t<div class=\"elementor-element elementor-element-d2c9477 elementor-widget elementor-widget-text-editor\" data-id=\"d2c9477\" data-element_type=\"widget\" data-widget_type=\"text-editor.default\">\n\t\t\t\t<div class=\"elementor-widget-container\">\n\t\t\t\t\t\t\t\t<div class=\"elementor-text-editor elementor-clearfix\">\n\t\t\t\t<h1>villa Deli<\/h1><h1>Almerimar, Almer\u00eda<\/h1><h2>2015\/2017<\/h2><div>\u00a0<\/div><p>Se sit\u00faa la casa sobre una parcela de forma rectangular de topograf\u00eda plana, en un entorno urbano consolidado con predominio de viviendas unifamiliares aisladas y de muy baja densidad edificatoria.<\/p><p>\u00a0 \u00a0 Esta franja de territorio est\u00e1 delimitada por el mar y la monta\u00f1a, entre las cuales se puede contemplar Sierra Nevada y en la que destaca especialmente por ser un oasis en medio del conocido como \u201cmar de pl\u00e1sticos\u201d.<\/p><p>\u00a0 \u00a0 Ante este paisaje, la vivienda se organiza espacialmente mediante amplios huecos, vuelos y patios. Se divide en tres niveles, comunicados mediante una escalera interior contenida en un\u00a0 espacio en doble altura iluminado cenitalmente, a modo de <em>impluvium<\/em>, a continuaci\u00f3n de la entrada. Un amplio patio ingl\u00e9s es el encargado de organizar las zonas exteriores de la parcela, el jard\u00edn norte y la zona de ba\u00f1o al sur.<\/p><p>\u00a0 \u00a0 La organizaci\u00f3n de los espacios vivideros sigue el esquema de zona de d\u00eda para la planta baja y zona de noche para la planta alta. La relaci\u00f3n con el mar y con la fuerte luz que ba\u00f1a el lugar se mantiene a trav\u00e9s del empleo de unos grandes voladizos de inspiraci\u00f3n n\u00e1utica, debido al car\u00e1cter que imprime el puerto mar\u00edtimo de Almerimar, que van a ayudar a focalizar las vistas y mantener los espacios interiores bien sombreados durante el verano, permitiendo a su vez el aporte solar en los meses fr\u00edos.<\/p><p>\u00a0 \u00a0 Debido a esta circunstancia los espacios interiores est\u00e1n ba\u00f1ados de luz intensa pero no estridente, gracias a la matizaci\u00f3n de los vuelos. El color blanco adoptado para los vol\u00famenes constructivos responden a la l\u00f3gica de la cultura arquitect\u00f3nica mediterr\u00e1nea y al compromiso ambiental con el entorno, al cual se suma la inclusi\u00f3n de especies vegetales ic\u00f3nicas del Mediterr\u00e1neo como el olivo.<\/p>\t\t\t\t\t<\/div>\n\t\t\t\t\t\t<\/div>\n\t\t\t\t<\/div>\n\t\t\t\t\t\t<\/div>\n\t\t\t\t\t<\/div>\n\t\t<\/div>\n\t\t\t\t<div class=\"elementor-column elementor-col-50 elementor-top-column elementor-element elementor-element-6382c31\" data-id=\"6382c31\" data-element_type=\"column\">\n\t\t\t<div class=\"elementor-column-wrap elementor-element-populated\">\n\t\t\t\t\t\t\t<div class=\"elementor-widget-wrap\">\n\t\t\t\t\t\t<div class=\"elementor-element elementor-element-296bb05 elementor-widget elementor-widget-text-editor\" data-id=\"296bb05\" data-element_type=\"widget\" data-widget_type=\"text-editor.default\">\n\t\t\t\t<div class=\"elementor-widget-container\">\n\t\t\t\t\t\t\t\t<div class=\"elementor-text-editor elementor-clearfix\">\n\t\t\t\t<h2>\u00a0<\/h2><h2>\u00a0<\/h2><h2>\u00a0<\/h2><h2>\u00a0<\/h2><h2>\u00a0<\/h2><h2><em>The house is situated on a rectangular-shaped plot with a flat topography, in a consolidated urban environment with a predominance of detached single-family houses and very low building density. <\/em><em>This strip of land is delimited by the sea and the mountains, between which the Sierra Nevada can be seen and which stands out especially for being an oasis in the middle of what is known as the \u00absea of plastics\u00bb. <\/em><em>Faced with this landscape, the house is spatially organised by means of wide openings, overhangs and courtyards. It is divided into three levels, connected by an interior staircase contained in a double-height space illuminated from above, in the manner of an impluvium, next to the entrance. A large English courtyard organises the outdoor areas of the plot, the north garden and the bathing area to the south. <\/em><em>The organisation of the living spaces follows the scheme of a day area for the ground floor and a night area for the upper floor. The relationship with the sea and with the strong light that bathes the place is maintained through the use of large cantilevers of nautical inspiration, due to the character of the seaport of Almerimar, which will help to focus the views and keep the interior spaces well shaded during the summer, while allowing the sun to shine in during the cold months. <\/em><em>As a result, the interior spaces are bathed in intense but not strident light, thanks to the shading of the overhangs. The white colour adopted for the building volumes responds to the logic of Mediterranean architectural culture and the environmental commitment to the surroundings, to which is added the inclusion of iconic Mediterranean plant species such as the olive tree.<\/em><\/h2>\t\t\t\t\t<\/div>\n\t\t\t\t\t\t<\/div>\n\t\t\t\t<\/div>\n\t\t\t\t\t\t<\/div>\n\t\t\t\t\t<\/div>\n\t\t<\/div>\n\t\t\t\t\t\t\t\t<\/div>\n\t\t\t\t\t<\/div>\n\t\t<\/section>\n\t\t\t\t<section class=\"elementor-section elementor-top-section elementor-element elementor-element-457122a elementor-section-boxed elementor-section-height-default elementor-section-height-default parallax_section_no qode_elementor_container_no\" data-id=\"457122a\" data-element_type=\"section\">\n\t\t\t\t\t\t<div class=\"elementor-container elementor-column-gap-default\">\n\t\t\t\t\t\t\t<div class=\"elementor-row\">\n\t\t\t\t\t<div class=\"elementor-column elementor-col-100 elementor-top-column elementor-element elementor-element-dd7fe81\" data-id=\"dd7fe81\" data-element_type=\"column\">\n\t\t\t<div class=\"elementor-column-wrap elementor-element-populated\">\n\t\t\t\t\t\t\t<div class=\"elementor-widget-wrap\">\n\t\t\t\t\t\t<div class=\"elementor-element elementor-element-14cd3f3 elementor-widget elementor-widget-text-editor\" data-id=\"14cd3f3\" data-element_type=\"widget\" data-widget_type=\"text-editor.default\">\n\t\t\t\t<div class=\"elementor-widget-container\">\n\t\t\t\t\t\t\t\t<div class=\"elementor-text-editor elementor-clearfix\">\n\t\t\t\t<h2>Promotor:\u00a0 \u00a0 \u00a0 \u00a0Privado<\/h2><h2>Presupuesto:\u00a0 \u00a0289.789,91\u20ac<\/h2><h2>Superficie:\u00a0 \u00a0 \u00a0 \u00a0351,31 m2<\/h2><p class=\"MsoNormal\" style=\"text-align: justify;\"><span style=\"mso-ansi-language: ES-TRAD;\">\u00a0<\/span><\/p><p class=\"MsoNormal\" style=\"text-align: justify;\"><span style=\"mso-ansi-language: ES-TRAD;\">\u00a0<\/span><\/p>\t\t\t\t\t<\/div>\n\t\t\t\t\t\t<\/div>\n\t\t\t\t<\/div>\n\t\t\t\t\t\t<\/div>\n\t\t\t\t\t<\/div>\n\t\t<\/div>\n\t\t\t\t\t\t\t\t<\/div>\n\t\t\t\t\t<\/div>\n\t\t<\/section>\n\t\t\t\t\t\t\t\t\t<\/div>\n\t\t\t<\/div>\n\t\t\t\t\t<\/div>\n\t\t","protected":false},"excerpt":{"rendered":"<p>Anterior Siguiente villa Deli Almerimar, Almer\u00eda 2015\/2017 \u00a0 Se sit\u00faa la casa sobre una parcela de forma rectangular de topograf\u00eda plana, en un entorno urbano consolidado con predominio de viviendas unifamiliares aisladas y de muy baja densidad edificatoria. \u00a0 \u00a0 Esta franja de territorio est\u00e1&#8230;<\/p>\n","protected":false},"author":1,"featured_media":0,"parent":0,"menu_order":0,"comment_status":"closed","ping_status":"closed","template":"","meta":[],"yoast_head":"<!-- This site is optimized with the Yoast SEO plugin v18.4.1 - https:\/\/yoast.com\/wordpress\/plugins\/seo\/ -->\n<title>almerimar - PALENZVELA taller de arquitectura<\/title>\n<meta name=\"description\" content=\"estudio de arquitectura\" \/>\n<meta name=\"robots\" content=\"index, follow, max-snippet:-1, max-image-preview:large, max-video-preview:-1\" \/>\n<link rel=\"canonical\" href=\"https:\/\/antoniopalenzuela.com\/index.php\/almerimar\/\" \/>\n<meta property=\"og:locale\" content=\"es_ES\" \/>\n<meta property=\"og:type\" content=\"article\" \/>\n<meta property=\"og:title\" content=\"almerimar - PALENZVELA taller de arquitectura\" \/>\n<meta property=\"og:description\" content=\"estudio de arquitectura\" \/>\n<meta property=\"og:url\" content=\"https:\/\/antoniopalenzuela.com\/index.php\/almerimar\/\" \/>\n<meta property=\"og:site_name\" content=\"PALENZVELA taller de arquitectura\" \/>\n<meta property=\"article:modified_time\" content=\"2024-01-14T17:59:39+00:00\" \/>\n<meta property=\"og:image\" content=\"https:\/\/antoniopalenzuela.com\/wp-content\/uploads\/elementor\/thumbs\/03-scaled-e1622046345561-p7qrsk3o7d28vt2is2t90w26x74nuniircu82z68ia.jpg\" \/>\n<meta name=\"twitter:card\" content=\"summary_large_image\" \/>\n<meta name=\"twitter:label1\" content=\"Tiempo de lectura\" \/>\n\t<meta name=\"twitter:data1\" content=\"5 minutos\" \/>\n<script type=\"application\/ld+json\" class=\"yoast-schema-graph\">{\"@context\":\"https:\/\/schema.org\",\"@graph\":[{\"@type\":\"WebSite\",\"@id\":\"https:\/\/antoniopalenzuela.com\/#website\",\"url\":\"https:\/\/antoniopalenzuela.com\/\",\"name\":\"PALENZVELA taller de arquitectura\",\"description\":\"antonio palenzuela navarro arquitecto\",\"potentialAction\":[{\"@type\":\"SearchAction\",\"target\":{\"@type\":\"EntryPoint\",\"urlTemplate\":\"https:\/\/antoniopalenzuela.com\/?s={search_term_string}\"},\"query-input\":\"required name=search_term_string\"}],\"inLanguage\":\"es\"},{\"@type\":\"ImageObject\",\"@id\":\"https:\/\/antoniopalenzuela.com\/index.php\/almerimar\/#primaryimage\",\"inLanguage\":\"es\",\"url\":\"https:\/\/antoniopalenzuela.com\/wp-content\/uploads\/elementor\/thumbs\/03-scaled-e1622046345561-p7qrsk3o7d28vt2is2t90w26x74nuniircu82z68ia.jpg\",\"contentUrl\":\"https:\/\/antoniopalenzuela.com\/wp-content\/uploads\/elementor\/thumbs\/03-scaled-e1622046345561-p7qrsk3o7d28vt2is2t90w26x74nuniircu82z68ia.jpg\"},{\"@type\":\"WebPage\",\"@id\":\"https:\/\/antoniopalenzuela.com\/index.php\/almerimar\/#webpage\",\"url\":\"https:\/\/antoniopalenzuela.com\/index.php\/almerimar\/\",\"name\":\"almerimar - PALENZVELA taller de arquitectura\",\"isPartOf\":{\"@id\":\"https:\/\/antoniopalenzuela.com\/#website\"},\"primaryImageOfPage\":{\"@id\":\"https:\/\/antoniopalenzuela.com\/index.php\/almerimar\/#primaryimage\"},\"datePublished\":\"2021-05-26T11:10:01+00:00\",\"dateModified\":\"2024-01-14T17:59:39+00:00\",\"description\":\"estudio de arquitectura\",\"breadcrumb\":{\"@id\":\"https:\/\/antoniopalenzuela.com\/index.php\/almerimar\/#breadcrumb\"},\"inLanguage\":\"es\",\"potentialAction\":[{\"@type\":\"ReadAction\",\"target\":[\"https:\/\/antoniopalenzuela.com\/index.php\/almerimar\/\"]}]},{\"@type\":\"BreadcrumbList\",\"@id\":\"https:\/\/antoniopalenzuela.com\/index.php\/almerimar\/#breadcrumb\",\"itemListElement\":[{\"@type\":\"ListItem\",\"position\":1,\"name\":\"Home\",\"item\":\"https:\/\/antoniopalenzuela.com\/\"},{\"@type\":\"ListItem\",\"position\":2,\"name\":\"almerimar\"}]}]}<\/script>\n<!-- \/ Yoast SEO plugin. -->","yoast_head_json":{"title":"almerimar - PALENZVELA taller de arquitectura","description":"estudio de arquitectura","robots":{"index":"index","follow":"follow","max-snippet":"max-snippet:-1","max-image-preview":"max-image-preview:large","max-video-preview":"max-video-preview:-1"},"canonical":"https:\/\/antoniopalenzuela.com\/index.php\/almerimar\/","og_locale":"es_ES","og_type":"article","og_title":"almerimar - PALENZVELA taller de arquitectura","og_description":"estudio de arquitectura","og_url":"https:\/\/antoniopalenzuela.com\/index.php\/almerimar\/","og_site_name":"PALENZVELA taller de arquitectura","article_modified_time":"2024-01-14T17:59:39+00:00","og_image":[{"url":"https:\/\/antoniopalenzuela.com\/wp-content\/uploads\/elementor\/thumbs\/03-scaled-e1622046345561-p7qrsk3o7d28vt2is2t90w26x74nuniircu82z68ia.jpg"}],"twitter_card":"summary_large_image","twitter_misc":{"Tiempo de lectura":"5 minutos"},"schema":{"@context":"https:\/\/schema.org","@graph":[{"@type":"WebSite","@id":"https:\/\/antoniopalenzuela.com\/#website","url":"https:\/\/antoniopalenzuela.com\/","name":"PALENZVELA taller de arquitectura","description":"antonio palenzuela navarro arquitecto","potentialAction":[{"@type":"SearchAction","target":{"@type":"EntryPoint","urlTemplate":"https:\/\/antoniopalenzuela.com\/?s={search_term_string}"},"query-input":"required name=search_term_string"}],"inLanguage":"es"},{"@type":"ImageObject","@id":"https:\/\/antoniopalenzuela.com\/index.php\/almerimar\/#primaryimage","inLanguage":"es","url":"https:\/\/antoniopalenzuela.com\/wp-content\/uploads\/elementor\/thumbs\/03-scaled-e1622046345561-p7qrsk3o7d28vt2is2t90w26x74nuniircu82z68ia.jpg","contentUrl":"https:\/\/antoniopalenzuela.com\/wp-content\/uploads\/elementor\/thumbs\/03-scaled-e1622046345561-p7qrsk3o7d28vt2is2t90w26x74nuniircu82z68ia.jpg"},{"@type":"WebPage","@id":"https:\/\/antoniopalenzuela.com\/index.php\/almerimar\/#webpage","url":"https:\/\/antoniopalenzuela.com\/index.php\/almerimar\/","name":"almerimar - PALENZVELA taller de arquitectura","isPartOf":{"@id":"https:\/\/antoniopalenzuela.com\/#website"},"primaryImageOfPage":{"@id":"https:\/\/antoniopalenzuela.com\/index.php\/almerimar\/#primaryimage"},"datePublished":"2021-05-26T11:10:01+00:00","dateModified":"2024-01-14T17:59:39+00:00","description":"estudio de arquitectura","breadcrumb":{"@id":"https:\/\/antoniopalenzuela.com\/index.php\/almerimar\/#breadcrumb"},"inLanguage":"es","potentialAction":[{"@type":"ReadAction","target":["https:\/\/antoniopalenzuela.com\/index.php\/almerimar\/"]}]},{"@type":"BreadcrumbList","@id":"https:\/\/antoniopalenzuela.com\/index.php\/almerimar\/#breadcrumb","itemListElement":[{"@type":"ListItem","position":1,"name":"Home","item":"https:\/\/antoniopalenzuela.com\/"},{"@type":"ListItem","position":2,"name":"almerimar"}]}]}},"_links":{"self":[{"href":"https:\/\/antoniopalenzuela.com\/index.php\/wp-json\/wp\/v2\/pages\/18879"}],"collection":[{"href":"https:\/\/antoniopalenzuela.com\/index.php\/wp-json\/wp\/v2\/pages"}],"about":[{"href":"https:\/\/antoniopalenzuela.com\/index.php\/wp-json\/wp\/v2\/types\/page"}],"author":[{"embeddable":true,"href":"https:\/\/antoniopalenzuela.com\/index.php\/wp-json\/wp\/v2\/users\/1"}],"replies":[{"embeddable":true,"href":"https:\/\/antoniopalenzuela.com\/index.php\/wp-json\/wp\/v2\/comments?post=18879"}],"version-history":[{"count":49,"href":"https:\/\/antoniopalenzuela.com\/index.php\/wp-json\/wp\/v2\/pages\/18879\/revisions"}],"predecessor-version":[{"id":19944,"href":"https:\/\/antoniopalenzuela.com\/index.php\/wp-json\/wp\/v2\/pages\/18879\/revisions\/19944"}],"wp:attachment":[{"href":"https:\/\/antoniopalenzuela.com\/index.php\/wp-json\/wp\/v2\/media?parent=18879"}],"curies":[{"name":"wp","href":"https:\/\/api.w.org\/{rel}","templated":true}]}}