{"id":18862,"date":"2021-05-26T11:01:09","date_gmt":"2021-05-26T11:01:09","guid":{"rendered":"https:\/\/antoniopalenzuela.com\/?page_id=18862"},"modified":"2024-01-14T17:53:06","modified_gmt":"2024-01-14T17:53:06","slug":"riviera","status":"publish","type":"page","link":"https:\/\/antoniopalenzuela.com\/index.php\/riviera\/","title":{"rendered":"riviera"},"content":{"rendered":"\t\t<div data-elementor-type=\"wp-page\" data-elementor-id=\"18862\" class=\"elementor elementor-18862\">\n\t\t\t\t\t\t<div class=\"elementor-inner\">\n\t\t\t\t<div class=\"elementor-section-wrap\">\n\t\t\t\t\t\t\t\t\t<section class=\"elementor-section elementor-top-section elementor-element elementor-element-e73661b elementor-section-boxed elementor-section-height-default elementor-section-height-default parallax_section_no qode_elementor_container_no\" data-id=\"e73661b\" data-element_type=\"section\">\n\t\t\t\t\t\t<div class=\"elementor-container elementor-column-gap-default\">\n\t\t\t\t\t\t\t<div class=\"elementor-row\">\n\t\t\t\t\t<div class=\"elementor-column elementor-col-100 elementor-top-column elementor-element elementor-element-3890471\" data-id=\"3890471\" data-element_type=\"column\">\n\t\t\t<div class=\"elementor-column-wrap elementor-element-populated\">\n\t\t\t\t\t\t\t<div class=\"elementor-widget-wrap\">\n\t\t\t\t\t\t<div class=\"elementor-element elementor-element-2857b29 elementor-arrows-position-inside elementor-widget elementor-widget-image-carousel\" data-id=\"2857b29\" data-element_type=\"widget\" data-settings=\"{&quot;slides_to_show&quot;:&quot;1&quot;,&quot;navigation&quot;:&quot;arrows&quot;,&quot;autoplay&quot;:&quot;no&quot;,&quot;infinite&quot;:&quot;no&quot;,&quot;speed&quot;:400,&quot;effect&quot;:&quot;slide&quot;}\" data-widget_type=\"image-carousel.default\">\n\t\t\t\t<div class=\"elementor-widget-container\">\n\t\t\t\t\t<div class=\"elementor-image-carousel-wrapper swiper-container\" dir=\"ltr\">\n\t\t\t<div class=\"elementor-image-carousel swiper-wrapper\">\n\t\t\t\t\t\t\t\t<div class=\"swiper-slide\"><figure class=\"swiper-slide-inner\"><img class=\"swiper-slide-image\" src=\"https:\/\/antoniopalenzuela.com\/wp-content\/uploads\/elementor\/thumbs\/6-scaled-e1623063595420-p8b9kzqddoalmwk2hyzm7ggyjy4op8lhtat0whr3iq.jpg\" alt=\"6\" \/><\/figure><\/div><div class=\"swiper-slide\"><figure class=\"swiper-slide-inner\"><img class=\"swiper-slide-image\" src=\"https:\/\/antoniopalenzuela.com\/wp-content\/uploads\/elementor\/thumbs\/2-scaled-e1622045837339-p7qrfalnriwl1wc48ceru8k15gi78euvlpfkaeu8b6.jpg\" alt=\"2\" \/><\/figure><\/div><div class=\"swiper-slide\"><figure class=\"swiper-slide-inner\"><img class=\"swiper-slide-image\" src=\"https:\/\/antoniopalenzuela.com\/wp-content\/uploads\/elementor\/thumbs\/4-1-scaled-e1622025152547-p7qcf7i2vhkg3uuaye0uo0ydi8irh9r4cj0wdtmphu.jpg\" alt=\"4\" \/><\/figure><\/div><div class=\"swiper-slide\"><figure class=\"swiper-slide-inner\"><img class=\"swiper-slide-image\" src=\"https:\/\/antoniopalenzuela.com\/wp-content\/uploads\/elementor\/thumbs\/3-1-scaled-e1622025189667-p7qcg6a3wcw21ffsbb21qa6fhhrce2l6tb5v52753m.jpg\" alt=\"3\" \/><\/figure><\/div><div class=\"swiper-slide\"><figure class=\"swiper-slide-inner\"><img class=\"swiper-slide-image\" src=\"https:\/\/antoniopalenzuela.com\/wp-content\/uploads\/elementor\/thumbs\/1-scaled-e1622025321642-p7qcjmcsyhlwlyfk6sosvev9wcrsm49rad9yhl36aa.jpg\" alt=\"1\" \/><\/figure><\/div><div class=\"swiper-slide\"><figure class=\"swiper-slide-inner\"><img class=\"swiper-slide-image\" src=\"https:\/\/antoniopalenzuela.com\/wp-content\/uploads\/elementor\/thumbs\/8-scaled-e1622024964188-p7qcaasf6mujh5yzm9mzn9jptspra69l08dm5swpzm.jpg\" alt=\"8\" \/><\/figure><\/div><div class=\"swiper-slide\"><figure class=\"swiper-slide-inner\"><img class=\"swiper-slide-image\" src=\"https:\/\/antoniopalenzuela.com\/wp-content\/uploads\/elementor\/thumbs\/5-1-scaled-e1622025095399-p7qcdpxa1xj3q304n8v47wh3n9uuaiuf55u811u5ci.jpg\" alt=\"5\" \/><\/figure><\/div><div class=\"swiper-slide\"><figure class=\"swiper-slide-inner\"><img class=\"swiper-slide-image\" src=\"https:\/\/antoniopalenzuela.com\/wp-content\/uploads\/elementor\/thumbs\/7-1-scaled-e1622025005744-p7qcbdbsyubap6f0d8aozhtm6lft1riktj4iu5bkwi.jpg\" alt=\"7\" \/><\/figure><\/div><div class=\"swiper-slide\"><figure class=\"swiper-slide-inner\"><img class=\"swiper-slide-image\" src=\"https:\/\/antoniopalenzuela.com\/wp-content\/uploads\/elementor\/thumbs\/untitled-scaled-p8b8t9hrrmc350u2ezhtngdfoqsvmoik01zd8mv72q.jpg\" alt=\"untitled\" \/><\/figure><\/div>\t\t\t<\/div>\n\t\t\t\t\t\t\t\t\t\t\t\t\t\t\t\t<div class=\"elementor-swiper-button elementor-swiper-button-prev\">\n\t\t\t\t\t\t<i aria-hidden=\"true\" class=\"eicon-chevron-left\"><\/i>\t\t\t\t\t\t<span class=\"elementor-screen-only\">Anterior<\/span>\n\t\t\t\t\t<\/div>\n\t\t\t\t\t<div class=\"elementor-swiper-button elementor-swiper-button-next\">\n\t\t\t\t\t\t<i aria-hidden=\"true\" class=\"eicon-chevron-right\"><\/i>\t\t\t\t\t\t<span class=\"elementor-screen-only\">Siguiente<\/span>\n\t\t\t\t\t<\/div>\n\t\t\t\t\t\t\t\t\t<\/div>\n\t\t\t\t<\/div>\n\t\t\t\t<\/div>\n\t\t\t\t\t\t<\/div>\n\t\t\t\t\t<\/div>\n\t\t<\/div>\n\t\t\t\t\t\t\t\t<\/div>\n\t\t\t\t\t<\/div>\n\t\t<\/section>\n\t\t\t\t<section class=\"elementor-section elementor-top-section elementor-element elementor-element-bf871ac elementor-section-boxed elementor-section-height-default elementor-section-height-default parallax_section_no qode_elementor_container_no\" data-id=\"bf871ac\" data-element_type=\"section\">\n\t\t\t\t\t\t<div class=\"elementor-container elementor-column-gap-default\">\n\t\t\t\t\t\t\t<div class=\"elementor-row\">\n\t\t\t\t\t<div class=\"elementor-column elementor-col-50 elementor-top-column elementor-element elementor-element-022d74b\" data-id=\"022d74b\" data-element_type=\"column\">\n\t\t\t<div class=\"elementor-column-wrap elementor-element-populated\">\n\t\t\t\t\t\t\t<div class=\"elementor-widget-wrap\">\n\t\t\t\t\t\t<div class=\"elementor-element elementor-element-59d8ea8 elementor-widget elementor-widget-text-editor\" data-id=\"59d8ea8\" data-element_type=\"widget\" data-widget_type=\"text-editor.default\">\n\t\t\t\t<div class=\"elementor-widget-container\">\n\t\t\t\t\t\t\t\t<div class=\"elementor-text-editor elementor-clearfix\">\n\t\t\t\t<h1>villa Riviera<\/h1><h1>Mijas, M\u00e1laga<\/h1><h2>2016<\/h2><div>\u00a0<\/div><p>Se parte de la preexistencia de una vivienda unifamiliar aislada en una parcela de la urbanizaci\u00f3n Riviera de Mijas, reutilizando parcialmente la estructura de la construcci\u00f3n que data del 1975.\u00a0El edificio resultante pone en valor su emplazamiento, en lo alto de una suave colina urbanizada frente al mar.<\/p><p>\u00a0 \u00a0 El programa se compone de una planta s\u00f3tano cubierta de poca altura, que hace las funciones de gimnasio y mantenimiento de la vivienda. El resto del volumen se compone de una planta baja, con acceso por escalera helicoidal a modo de <em>promenade<\/em> que conecta el jard\u00edn y la piscina con la vivienda. La planta primera se estructura tras una terraza <em>belvedere<\/em> desde donde se contempla el jard\u00edn y la piscina con formas org\u00e1nicas que se difumina en el mar.<\/p><p>\u00a0 \u00a0 La vivienda se reafirma mediante la utilizaci\u00f3n de materiales pr\u00f3ximos a la zona, como la cal y el m\u00e1rmol, de distribuidores locales para evitar al m\u00e1ximo las emisiones de CO2 por transportes, con el fin de conseguir una actuaci\u00f3n arquitect\u00f3nica que integre una imagen contempor\u00e1nea, unitaria y de fuerte car\u00e1cter mediterr\u00e1neo.<\/p>\t\t\t\t\t<\/div>\n\t\t\t\t\t\t<\/div>\n\t\t\t\t<\/div>\n\t\t\t\t\t\t<\/div>\n\t\t\t\t\t<\/div>\n\t\t<\/div>\n\t\t\t\t<div class=\"elementor-column elementor-col-50 elementor-top-column elementor-element elementor-element-1e39519\" data-id=\"1e39519\" data-element_type=\"column\">\n\t\t\t<div class=\"elementor-column-wrap elementor-element-populated\">\n\t\t\t\t\t\t\t<div class=\"elementor-widget-wrap\">\n\t\t\t\t\t\t<div class=\"elementor-element elementor-element-2589ed7 elementor-widget elementor-widget-text-editor\" data-id=\"2589ed7\" data-element_type=\"widget\" data-widget_type=\"text-editor.default\">\n\t\t\t\t<div class=\"elementor-widget-container\">\n\t\t\t\t\t\t\t\t<div class=\"elementor-text-editor elementor-clearfix\">\n\t\t\t\t<h2>\u00a0<\/h2><h2>\u00a0<\/h2><h2>\u00a0<\/h2><h2>\u00a0<\/h2><h2>\u00a0<\/h2><h2><em>It is based on the pre-existence of a detached single-family house on a plot in the Riviera de Mijas urbanisation, partially reusing the structure of the construction dating from 1975. The resulting building enhances the value of its location, on top of a gentle urbanised hill facing the sea. <\/em><em>The programme consists of a low covered basement floor, which serves as a gymnasium and maintenance area for the house. The rest of the volume is made up of a ground floor, accessed by a spiral staircase in the form of a promenade that connects the garden and the swimming pool with the house. The first floor is structured behind a belvedere terrace overlooking the garden and the pool with organic forms that blend into the sea. <\/em><em>The house is reaffirmed through the use of materials close to the area, such as lime and marble, from local distributors in order to avoid CO2 emissions from transport as much as possible, with the aim of achieving an architectural performance that integrates a contemporary, unitary image with a strong Mediterranean character.<\/em><\/h2>\t\t\t\t\t<\/div>\n\t\t\t\t\t\t<\/div>\n\t\t\t\t<\/div>\n\t\t\t\t\t\t<\/div>\n\t\t\t\t\t<\/div>\n\t\t<\/div>\n\t\t\t\t\t\t\t\t<\/div>\n\t\t\t\t\t<\/div>\n\t\t<\/section>\n\t\t\t\t<section class=\"elementor-section elementor-top-section elementor-element elementor-element-d2aee81 elementor-section-boxed elementor-section-height-default elementor-section-height-default parallax_section_no qode_elementor_container_no\" data-id=\"d2aee81\" data-element_type=\"section\">\n\t\t\t\t\t\t<div class=\"elementor-container elementor-column-gap-default\">\n\t\t\t\t\t\t\t<div class=\"elementor-row\">\n\t\t\t\t\t<div class=\"elementor-column elementor-col-100 elementor-top-column elementor-element elementor-element-e4bfe46\" data-id=\"e4bfe46\" data-element_type=\"column\">\n\t\t\t<div class=\"elementor-column-wrap elementor-element-populated\">\n\t\t\t\t\t\t\t<div class=\"elementor-widget-wrap\">\n\t\t\t\t\t\t<div class=\"elementor-element elementor-element-dcbff12 elementor-widget elementor-widget-text-editor\" data-id=\"dcbff12\" data-element_type=\"widget\" data-widget_type=\"text-editor.default\">\n\t\t\t\t<div class=\"elementor-widget-container\">\n\t\t\t\t\t\t\t\t<div class=\"elementor-text-editor elementor-clearfix\">\n\t\t\t\t<h2>Promotor:\u00a0 \u00a0 \u00a0 \u00a0Al-Mabna Construction Services SL<\/h2><h2>Presupuesto:\u00a0 \u00a0632.027,29 \u20ac<\/h2><h2>Superficie:\u00a0 \u00a0 \u00a0 \u00a0339,61 m2<\/h2><p class=\"MsoNormal\" style=\"text-align: justify;\">\u00a0<\/p>\t\t\t\t\t<\/div>\n\t\t\t\t\t\t<\/div>\n\t\t\t\t<\/div>\n\t\t\t\t\t\t<\/div>\n\t\t\t\t\t<\/div>\n\t\t<\/div>\n\t\t\t\t\t\t\t\t<\/div>\n\t\t\t\t\t<\/div>\n\t\t<\/section>\n\t\t\t\t\t\t\t\t\t<\/div>\n\t\t\t<\/div>\n\t\t\t\t\t<\/div>\n\t\t","protected":false},"excerpt":{"rendered":"<p>Anterior Siguiente villa Riviera Mijas, M\u00e1laga 2016 \u00a0 Se parte de la preexistencia de una vivienda unifamiliar aislada en una parcela de la urbanizaci\u00f3n Riviera de Mijas, reutilizando parcialmente la estructura de la construcci\u00f3n que data del 1975.\u00a0El edificio resultante pone en valor su emplazamiento,&#8230;<\/p>\n","protected":false},"author":1,"featured_media":0,"parent":0,"menu_order":0,"comment_status":"closed","ping_status":"closed","template":"","meta":[],"yoast_head":"<!-- This site is optimized with the Yoast SEO plugin v18.4.1 - https:\/\/yoast.com\/wordpress\/plugins\/seo\/ -->\n<title>riviera - PALENZVELA taller de arquitectura<\/title>\n<meta name=\"description\" content=\"estudio de arquitectura\" \/>\n<meta name=\"robots\" content=\"index, follow, max-snippet:-1, max-image-preview:large, max-video-preview:-1\" \/>\n<link rel=\"canonical\" href=\"https:\/\/antoniopalenzuela.com\/index.php\/riviera\/\" \/>\n<meta property=\"og:locale\" content=\"es_ES\" \/>\n<meta property=\"og:type\" content=\"article\" \/>\n<meta property=\"og:title\" content=\"riviera - PALENZVELA taller de arquitectura\" \/>\n<meta property=\"og:description\" content=\"estudio de arquitectura\" \/>\n<meta property=\"og:url\" content=\"https:\/\/antoniopalenzuela.com\/index.php\/riviera\/\" \/>\n<meta property=\"og:site_name\" content=\"PALENZVELA taller de arquitectura\" \/>\n<meta property=\"article:modified_time\" content=\"2024-01-14T17:53:06+00:00\" \/>\n<meta property=\"og:image\" content=\"https:\/\/antoniopalenzuela.com\/wp-content\/uploads\/elementor\/thumbs\/6-scaled-e1623063595420-p8b9kzqddoalmwk2hyzm7ggyjy4op8lhtat0whr3iq.jpg\" \/>\n<meta name=\"twitter:card\" content=\"summary_large_image\" \/>\n<meta name=\"twitter:label1\" content=\"Tiempo de lectura\" \/>\n\t<meta name=\"twitter:data1\" content=\"4 minutos\" \/>\n<script type=\"application\/ld+json\" class=\"yoast-schema-graph\">{\"@context\":\"https:\/\/schema.org\",\"@graph\":[{\"@type\":\"WebSite\",\"@id\":\"https:\/\/antoniopalenzuela.com\/#website\",\"url\":\"https:\/\/antoniopalenzuela.com\/\",\"name\":\"PALENZVELA taller de arquitectura\",\"description\":\"antonio palenzuela navarro arquitecto\",\"potentialAction\":[{\"@type\":\"SearchAction\",\"target\":{\"@type\":\"EntryPoint\",\"urlTemplate\":\"https:\/\/antoniopalenzuela.com\/?s={search_term_string}\"},\"query-input\":\"required name=search_term_string\"}],\"inLanguage\":\"es\"},{\"@type\":\"ImageObject\",\"@id\":\"https:\/\/antoniopalenzuela.com\/index.php\/riviera\/#primaryimage\",\"inLanguage\":\"es\",\"url\":\"https:\/\/antoniopalenzuela.com\/wp-content\/uploads\/elementor\/thumbs\/6-scaled-e1623063595420-p8b9kzqddoalmwk2hyzm7ggyjy4op8lhtat0whr3iq.jpg\",\"contentUrl\":\"https:\/\/antoniopalenzuela.com\/wp-content\/uploads\/elementor\/thumbs\/6-scaled-e1623063595420-p8b9kzqddoalmwk2hyzm7ggyjy4op8lhtat0whr3iq.jpg\"},{\"@type\":\"WebPage\",\"@id\":\"https:\/\/antoniopalenzuela.com\/index.php\/riviera\/#webpage\",\"url\":\"https:\/\/antoniopalenzuela.com\/index.php\/riviera\/\",\"name\":\"riviera - PALENZVELA taller de arquitectura\",\"isPartOf\":{\"@id\":\"https:\/\/antoniopalenzuela.com\/#website\"},\"primaryImageOfPage\":{\"@id\":\"https:\/\/antoniopalenzuela.com\/index.php\/riviera\/#primaryimage\"},\"datePublished\":\"2021-05-26T11:01:09+00:00\",\"dateModified\":\"2024-01-14T17:53:06+00:00\",\"description\":\"estudio de arquitectura\",\"breadcrumb\":{\"@id\":\"https:\/\/antoniopalenzuela.com\/index.php\/riviera\/#breadcrumb\"},\"inLanguage\":\"es\",\"potentialAction\":[{\"@type\":\"ReadAction\",\"target\":[\"https:\/\/antoniopalenzuela.com\/index.php\/riviera\/\"]}]},{\"@type\":\"BreadcrumbList\",\"@id\":\"https:\/\/antoniopalenzuela.com\/index.php\/riviera\/#breadcrumb\",\"itemListElement\":[{\"@type\":\"ListItem\",\"position\":1,\"name\":\"Home\",\"item\":\"https:\/\/antoniopalenzuela.com\/\"},{\"@type\":\"ListItem\",\"position\":2,\"name\":\"riviera\"}]}]}<\/script>\n<!-- \/ Yoast SEO plugin. -->","yoast_head_json":{"title":"riviera - PALENZVELA taller de arquitectura","description":"estudio de arquitectura","robots":{"index":"index","follow":"follow","max-snippet":"max-snippet:-1","max-image-preview":"max-image-preview:large","max-video-preview":"max-video-preview:-1"},"canonical":"https:\/\/antoniopalenzuela.com\/index.php\/riviera\/","og_locale":"es_ES","og_type":"article","og_title":"riviera - PALENZVELA taller de arquitectura","og_description":"estudio de arquitectura","og_url":"https:\/\/antoniopalenzuela.com\/index.php\/riviera\/","og_site_name":"PALENZVELA taller de arquitectura","article_modified_time":"2024-01-14T17:53:06+00:00","og_image":[{"url":"https:\/\/antoniopalenzuela.com\/wp-content\/uploads\/elementor\/thumbs\/6-scaled-e1623063595420-p8b9kzqddoalmwk2hyzm7ggyjy4op8lhtat0whr3iq.jpg"}],"twitter_card":"summary_large_image","twitter_misc":{"Tiempo de lectura":"4 minutos"},"schema":{"@context":"https:\/\/schema.org","@graph":[{"@type":"WebSite","@id":"https:\/\/antoniopalenzuela.com\/#website","url":"https:\/\/antoniopalenzuela.com\/","name":"PALENZVELA taller de arquitectura","description":"antonio palenzuela navarro arquitecto","potentialAction":[{"@type":"SearchAction","target":{"@type":"EntryPoint","urlTemplate":"https:\/\/antoniopalenzuela.com\/?s={search_term_string}"},"query-input":"required name=search_term_string"}],"inLanguage":"es"},{"@type":"ImageObject","@id":"https:\/\/antoniopalenzuela.com\/index.php\/riviera\/#primaryimage","inLanguage":"es","url":"https:\/\/antoniopalenzuela.com\/wp-content\/uploads\/elementor\/thumbs\/6-scaled-e1623063595420-p8b9kzqddoalmwk2hyzm7ggyjy4op8lhtat0whr3iq.jpg","contentUrl":"https:\/\/antoniopalenzuela.com\/wp-content\/uploads\/elementor\/thumbs\/6-scaled-e1623063595420-p8b9kzqddoalmwk2hyzm7ggyjy4op8lhtat0whr3iq.jpg"},{"@type":"WebPage","@id":"https:\/\/antoniopalenzuela.com\/index.php\/riviera\/#webpage","url":"https:\/\/antoniopalenzuela.com\/index.php\/riviera\/","name":"riviera - PALENZVELA taller de arquitectura","isPartOf":{"@id":"https:\/\/antoniopalenzuela.com\/#website"},"primaryImageOfPage":{"@id":"https:\/\/antoniopalenzuela.com\/index.php\/riviera\/#primaryimage"},"datePublished":"2021-05-26T11:01:09+00:00","dateModified":"2024-01-14T17:53:06+00:00","description":"estudio de arquitectura","breadcrumb":{"@id":"https:\/\/antoniopalenzuela.com\/index.php\/riviera\/#breadcrumb"},"inLanguage":"es","potentialAction":[{"@type":"ReadAction","target":["https:\/\/antoniopalenzuela.com\/index.php\/riviera\/"]}]},{"@type":"BreadcrumbList","@id":"https:\/\/antoniopalenzuela.com\/index.php\/riviera\/#breadcrumb","itemListElement":[{"@type":"ListItem","position":1,"name":"Home","item":"https:\/\/antoniopalenzuela.com\/"},{"@type":"ListItem","position":2,"name":"riviera"}]}]}},"_links":{"self":[{"href":"https:\/\/antoniopalenzuela.com\/index.php\/wp-json\/wp\/v2\/pages\/18862"}],"collection":[{"href":"https:\/\/antoniopalenzuela.com\/index.php\/wp-json\/wp\/v2\/pages"}],"about":[{"href":"https:\/\/antoniopalenzuela.com\/index.php\/wp-json\/wp\/v2\/types\/page"}],"author":[{"embeddable":true,"href":"https:\/\/antoniopalenzuela.com\/index.php\/wp-json\/wp\/v2\/users\/1"}],"replies":[{"embeddable":true,"href":"https:\/\/antoniopalenzuela.com\/index.php\/wp-json\/wp\/v2\/comments?post=18862"}],"version-history":[{"count":61,"href":"https:\/\/antoniopalenzuela.com\/index.php\/wp-json\/wp\/v2\/pages\/18862\/revisions"}],"predecessor-version":[{"id":19926,"href":"https:\/\/antoniopalenzuela.com\/index.php\/wp-json\/wp\/v2\/pages\/18862\/revisions\/19926"}],"wp:attachment":[{"href":"https:\/\/antoniopalenzuela.com\/index.php\/wp-json\/wp\/v2\/media?parent=18862"}],"curies":[{"name":"wp","href":"https:\/\/api.w.org\/{rel}","templated":true}]}}