{"id":18690,"date":"2021-05-24T10:05:24","date_gmt":"2021-05-24T10:05:24","guid":{"rendered":"https:\/\/antoniopalenzuela.com\/?page_id=18690"},"modified":"2024-01-14T17:27:54","modified_gmt":"2024-01-14T17:27:54","slug":"camposanto","status":"publish","type":"page","link":"https:\/\/antoniopalenzuela.com\/index.php\/camposanto\/","title":{"rendered":"camposanto"},"content":{"rendered":"\t\t<div data-elementor-type=\"wp-page\" data-elementor-id=\"18690\" class=\"elementor elementor-18690\">\n\t\t\t\t\t\t<div class=\"elementor-inner\">\n\t\t\t\t<div class=\"elementor-section-wrap\">\n\t\t\t\t\t\t\t\t\t<section class=\"elementor-section elementor-top-section elementor-element elementor-element-f0c6b94 elementor-section-boxed elementor-section-height-default elementor-section-height-default parallax_section_no qode_elementor_container_no\" data-id=\"f0c6b94\" data-element_type=\"section\">\n\t\t\t\t\t\t<div class=\"elementor-container elementor-column-gap-default\">\n\t\t\t\t\t\t\t<div class=\"elementor-row\">\n\t\t\t\t\t<div class=\"elementor-column elementor-col-100 elementor-top-column elementor-element elementor-element-f8afdeb\" data-id=\"f8afdeb\" data-element_type=\"column\">\n\t\t\t<div class=\"elementor-column-wrap elementor-element-populated\">\n\t\t\t\t\t\t\t<div class=\"elementor-widget-wrap\">\n\t\t\t\t\t\t<div class=\"elementor-element elementor-element-699b9f7 elementor-arrows-position-inside elementor-widget elementor-widget-image-carousel\" data-id=\"699b9f7\" data-element_type=\"widget\" data-settings=\"{&quot;slides_to_show&quot;:&quot;1&quot;,&quot;navigation&quot;:&quot;arrows&quot;,&quot;autoplay&quot;:&quot;no&quot;,&quot;infinite&quot;:&quot;no&quot;,&quot;speed&quot;:400,&quot;effect&quot;:&quot;slide&quot;}\" data-widget_type=\"image-carousel.default\">\n\t\t\t\t<div class=\"elementor-widget-container\">\n\t\t\t\t\t<div class=\"elementor-image-carousel-wrapper swiper-container\" dir=\"ltr\">\n\t\t\t<div class=\"elementor-image-carousel swiper-wrapper\">\n\t\t\t\t\t\t\t\t<div class=\"swiper-slide\"><figure class=\"swiper-slide-inner\"><img class=\"swiper-slide-image\" src=\"https:\/\/antoniopalenzuela.com\/wp-content\/uploads\/elementor\/thumbs\/PAL0023-foto001-1-scaled-p7fu8knusa5r4ouvuw00z4r79rbkinljicejb26npu.jpg\" alt=\"PAL0023-foto001\" \/><\/figure><\/div><div class=\"swiper-slide\"><figure class=\"swiper-slide-inner\"><img class=\"swiper-slide-image\" src=\"https:\/\/antoniopalenzuela.com\/wp-content\/uploads\/elementor\/thumbs\/PAL0023-foto006-scaled-p7mukp6e6jn4x3npy1vipa8yo2tn8fy2sl9olj27wy.jpg\" alt=\"PAL0023-foto006\" \/><\/figure><\/div><div class=\"swiper-slide\"><figure class=\"swiper-slide-inner\"><img class=\"swiper-slide-image\" src=\"https:\/\/antoniopalenzuela.com\/wp-content\/uploads\/elementor\/thumbs\/PAL0023-foto005-scaled-e1622046793825-p7qs497d952pd42uh4u41xsp1th3n1y9p93r2xtv2q.jpg\" alt=\"PAL0023-foto005\" \/><\/figure><\/div><div class=\"swiper-slide\"><figure class=\"swiper-slide-inner\"><img class=\"swiper-slide-image\" src=\"https:\/\/antoniopalenzuela.com\/wp-content\/uploads\/elementor\/thumbs\/PAL0023-foto004-scaled-e1622046763707-p7qs3h07k403ot7t1snaz4wv89c384ubldj6omzo9e.jpg\" alt=\"PAL0023-foto004\" \/><\/figure><\/div><div class=\"swiper-slide\"><figure class=\"swiper-slide-inner\"><img class=\"swiper-slide-image\" src=\"https:\/\/antoniopalenzuela.com\/wp-content\/uploads\/elementor\/thumbs\/PAL0023-foto003-scaled-p7muk89arizz44caouk8geinz551dw2wq9ixyjrb0y.jpg\" alt=\"PAL0023-foto003\" \/><\/figure><\/div><div class=\"swiper-slide\"><figure class=\"swiper-slide-inner\"><img class=\"swiper-slide-image\" src=\"https:\/\/antoniopalenzuela.com\/wp-content\/uploads\/elementor\/thumbs\/PAL0023-foto002-scaled-e1622046728159-p7qs2k3uwwr2egjldwfd1v7qfru8qq7psup6vycgb6.jpg\" alt=\"PAL0023-foto002\" \/><\/figure><\/div><div class=\"swiper-slide\"><figure class=\"swiper-slide-inner\"><img class=\"swiper-slide-image\" src=\"https:\/\/antoniopalenzuela.com\/wp-content\/uploads\/elementor\/thumbs\/PAL0023-foto007-scaled-e1622046859151-p7qs5z8ps7fmndkqevnhmi5498zbr2sjxs5sr79vo2.jpg\" alt=\"PAL0023-foto007\" \/><\/figure><\/div><div class=\"swiper-slide\"><figure class=\"swiper-slide-inner\"><img class=\"swiper-slide-image\" src=\"https:\/\/antoniopalenzuela.com\/wp-content\/uploads\/elementor\/thumbs\/PAL0023-foto008-scaled-p7mv5wfcc0nysgv257skxxn90ybouo44dizya7mjki.jpg\" alt=\"PAL0023-foto008\" \/><\/figure><\/div><div class=\"swiper-slide\"><figure class=\"swiper-slide-inner\"><img class=\"swiper-slide-image\" src=\"https:\/\/antoniopalenzuela.com\/wp-content\/uploads\/elementor\/thumbs\/PAL0023-foto010-scaled-p7mv6omi11qkgrq3kjze0qj2uigp9l82hekioigqdu.jpg\" alt=\"PAL0023-foto010\" \/><\/figure><\/div><div class=\"swiper-slide\"><figure class=\"swiper-slide-inner\"><img class=\"swiper-slide-image\" src=\"https:\/\/antoniopalenzuela.com\/wp-content\/uploads\/elementor\/thumbs\/PAL0023-foto009-scaled-p7mv68n8sv4ozedb5v2qcck8qyngmqgmr7h9it4fbm.jpg\" alt=\"PAL0023-foto009\" \/><\/figure><\/div><div class=\"swiper-slide\"><figure class=\"swiper-slide-inner\"><img class=\"swiper-slide-image\" src=\"https:\/\/antoniopalenzuela.com\/wp-content\/uploads\/elementor\/thumbs\/1-scaled-p80sed3l306be09u5j9biz6fhtgnl8drlbt8max5ea.jpg\" alt=\"1\" \/><\/figure><\/div><div class=\"swiper-slide\"><figure class=\"swiper-slide-inner\"><img class=\"swiper-slide-image\" src=\"https:\/\/antoniopalenzuela.com\/wp-content\/uploads\/elementor\/thumbs\/2-scaled-p80seuyiouuriljw98z8cco6s50mnhcnzs7gqk6o42.jpg\" alt=\"2\" \/><\/figure><\/div>\t\t\t<\/div>\n\t\t\t\t\t\t\t\t\t\t\t\t\t\t\t\t<div class=\"elementor-swiper-button elementor-swiper-button-prev\">\n\t\t\t\t\t\t<i aria-hidden=\"true\" class=\"eicon-chevron-left\"><\/i>\t\t\t\t\t\t<span class=\"elementor-screen-only\">Anterior<\/span>\n\t\t\t\t\t<\/div>\n\t\t\t\t\t<div class=\"elementor-swiper-button elementor-swiper-button-next\">\n\t\t\t\t\t\t<i aria-hidden=\"true\" class=\"eicon-chevron-right\"><\/i>\t\t\t\t\t\t<span class=\"elementor-screen-only\">Siguiente<\/span>\n\t\t\t\t\t<\/div>\n\t\t\t\t\t\t\t\t\t<\/div>\n\t\t\t\t<\/div>\n\t\t\t\t<\/div>\n\t\t\t\t\t\t<\/div>\n\t\t\t\t\t<\/div>\n\t\t<\/div>\n\t\t\t\t\t\t\t\t<\/div>\n\t\t\t\t\t<\/div>\n\t\t<\/section>\n\t\t\t\t<section class=\"elementor-section elementor-top-section elementor-element elementor-element-818da49 elementor-section-boxed elementor-section-height-default elementor-section-height-default parallax_section_no qode_elementor_container_no\" data-id=\"818da49\" data-element_type=\"section\">\n\t\t\t\t\t\t<div class=\"elementor-container elementor-column-gap-default\">\n\t\t\t\t\t\t\t<div class=\"elementor-row\">\n\t\t\t\t\t<div class=\"elementor-column elementor-col-50 elementor-top-column elementor-element elementor-element-f20391d\" data-id=\"f20391d\" data-element_type=\"column\">\n\t\t\t<div class=\"elementor-column-wrap elementor-element-populated\">\n\t\t\t\t\t\t\t<div class=\"elementor-widget-wrap\">\n\t\t\t\t\t\t<div class=\"elementor-element elementor-element-daa76e0 elementor-widget elementor-widget-text-editor\" data-id=\"daa76e0\" data-element_type=\"widget\" data-widget_type=\"text-editor.default\">\n\t\t\t\t<div class=\"elementor-widget-container\">\n\t\t\t\t\t\t\t\t<div class=\"elementor-text-editor elementor-clearfix\">\n\t\t\t\t<h1>camposanto<\/h1><h1>La Mojonera, Almer\u00eda<\/h1><h2>2018<\/h2><div>\u00a0<\/div><p>La ampliaci\u00f3n del Cementerio de La Mojonera tiene lugar sobre una parcela plana en forma triangular, inmersa en el \u201cmar de pl\u00e1sticos\u201d almeriense. En este especial contexto, se realiza una ampliaci\u00f3n anexa al cementerio existente, que pertenece al poblado de colonizaci\u00f3n de Camponuevo realizado por el arquitecto D. Manuel Jim\u00e9nez Varea, ejecutado en el 1958. Esta actuaci\u00f3n se va a componer de distintas fases de crecimiento en base a las futuras necesidades.<\/p><p>\u00a0 \u00a0 La nueva ampliaci\u00f3n va a contar con un nuevo acceso, que desemboca en una peque\u00f1a plaza desde la cual se da acceso a la zona de nichos, funcionando como una r\u00f3tula que enlaza la parte antigua con la nueva proyectada. La plaza de acceso se configura espacialmente mediante la delimitaci\u00f3n de las tapias blancas, una alberca a modo de fuente y una acequia preexistente. Mediante el empleo de una arquitectura de bajo coste protagonizada por el uso de la tapia y el reciclaje de elementos propios del lugar como las acequias del lugar, se pretende dotar al cementerio de un lenguaje propio, de un car\u00e1cter singular para as\u00ed establecer un orden para las futuras fases de ampliaci\u00f3n.<\/p><p>\u00a0 \u00a0 La tipolog\u00eda espacial escogida consiste en un patio central rectangular con nichos dispuestos en sus cuatro lados, que es el modelo planteado para el desarrollo de las futuras fases de crecimiento. Un modelo que pasa de una planta formada por calles longitudinales en el antiguo cementerio, a un modelo m\u00e1s centralizado formado por patios y plazas que permiten una visita m\u00e1s intimista y sincera.<\/p>\t\t\t\t\t<\/div>\n\t\t\t\t\t\t<\/div>\n\t\t\t\t<\/div>\n\t\t\t\t\t\t<\/div>\n\t\t\t\t\t<\/div>\n\t\t<\/div>\n\t\t\t\t<div class=\"elementor-column elementor-col-50 elementor-top-column elementor-element elementor-element-ea1d85b\" data-id=\"ea1d85b\" data-element_type=\"column\">\n\t\t\t<div class=\"elementor-column-wrap elementor-element-populated\">\n\t\t\t\t\t\t\t<div class=\"elementor-widget-wrap\">\n\t\t\t\t\t\t<div class=\"elementor-element elementor-element-360639d elementor-widget elementor-widget-text-editor\" data-id=\"360639d\" data-element_type=\"widget\" data-widget_type=\"text-editor.default\">\n\t\t\t\t<div class=\"elementor-widget-container\">\n\t\t\t\t\t\t\t\t<div class=\"elementor-text-editor elementor-clearfix\">\n\t\t\t\t<h2>\u00a0<\/h2><h2>\u00a0<\/h2><h2>\u00a0<\/h2><h2>\u00a0<\/h2><h2>\u00a0<\/h2><h2><em>The extension of the La Mojonera Cemetery was built on a flat, triangular-shaped plot of land, immersed in the \u00absea of plastics\u00bb of Almeria. In this special context, an extension was built next to the existing cemetery, which belongs to the settlement of Camponuevo, designed by the architect D. Manuel Jim\u00e9nez Varea, built in 1958. This project will consist of different phases of growth based on future needs. <\/em><em>The new extension will have a new entrance, which will lead to a small square from which there will be access to the niche area, acting as a hinge linking the old part with the new one planned. The access plaza is spatially configured through the delimitation of the white walls, a pool as a fountain and a pre-existing irrigation channel. Through the use of low-cost architecture featuring the use of the wall and the recycling of local elements such as the irrigation ditches, the aim is to give the cemetery its own language, a singular character in order to establish an order for the future phases of enlargement. <\/em><em>The spatial typology chosen consists of a central rectangular courtyard with niches arranged on its four sides, which is the model proposed for the development of the future phases of growth. A model that moves from a floor plan formed by longitudinal streets in the old cemetery to a more centralised model formed by courtyards and squares that allow for a more intimate and sincere visit.<\/em><\/h2>\t\t\t\t\t<\/div>\n\t\t\t\t\t\t<\/div>\n\t\t\t\t<\/div>\n\t\t\t\t\t\t<\/div>\n\t\t\t\t\t<\/div>\n\t\t<\/div>\n\t\t\t\t\t\t\t\t<\/div>\n\t\t\t\t\t<\/div>\n\t\t<\/section>\n\t\t\t\t<section class=\"elementor-section elementor-top-section elementor-element elementor-element-84c7314 elementor-section-boxed elementor-section-height-default elementor-section-height-default parallax_section_no qode_elementor_container_no\" data-id=\"84c7314\" data-element_type=\"section\">\n\t\t\t\t\t\t<div class=\"elementor-container elementor-column-gap-default\">\n\t\t\t\t\t\t\t<div class=\"elementor-row\">\n\t\t\t\t\t<div class=\"elementor-column elementor-col-100 elementor-top-column elementor-element elementor-element-41ac4b4\" data-id=\"41ac4b4\" data-element_type=\"column\">\n\t\t\t<div class=\"elementor-column-wrap elementor-element-populated\">\n\t\t\t\t\t\t\t<div class=\"elementor-widget-wrap\">\n\t\t\t\t\t\t<div class=\"elementor-element elementor-element-a7590d3 elementor-widget elementor-widget-text-editor\" data-id=\"a7590d3\" data-element_type=\"widget\" data-widget_type=\"text-editor.default\">\n\t\t\t\t<div class=\"elementor-widget-container\">\n\t\t\t\t\t\t\t\t<div class=\"elementor-text-editor elementor-clearfix\">\n\t\t\t\t<h2>Promotor:\u00a0 \u00a0 \u00a0 Diputaci\u00f3n de Almer\u00eda<\/h2><h2>Presupuesto:\u00a0 259.999,98 \u20ac<\/h2><h2>Superficie:\u00a0 \u00a0 \u00a0 508,83 m2\u00a0<\/h2><p class=\"MsoNormal\" style=\"text-align: justify;\"><span style=\"mso-ansi-language: ES-TRAD;\">\u00a0<\/span><\/p><p class=\"MsoNormal\" style=\"text-align: justify;\"><span style=\"mso-ansi-language: ES-TRAD;\">\u00a0<\/span><\/p>\t\t\t\t\t<\/div>\n\t\t\t\t\t\t<\/div>\n\t\t\t\t<\/div>\n\t\t\t\t\t\t<\/div>\n\t\t\t\t\t<\/div>\n\t\t<\/div>\n\t\t\t\t\t\t\t\t<\/div>\n\t\t\t\t\t<\/div>\n\t\t<\/section>\n\t\t\t\t\t\t\t\t\t<\/div>\n\t\t\t<\/div>\n\t\t\t\t\t<\/div>\n\t\t","protected":false},"excerpt":{"rendered":"<p>Anterior Siguiente camposanto La Mojonera, Almer\u00eda 2018 \u00a0 La ampliaci\u00f3n del Cementerio de La Mojonera tiene lugar sobre una parcela plana en forma triangular, inmersa en el \u201cmar de pl\u00e1sticos\u201d almeriense. En este especial contexto, se realiza una ampliaci\u00f3n anexa al cementerio existente, que pertenece&#8230;<\/p>\n","protected":false},"author":1,"featured_media":0,"parent":0,"menu_order":0,"comment_status":"closed","ping_status":"closed","template":"","meta":[],"yoast_head":"<!-- This site is optimized with the Yoast SEO plugin v18.4.1 - https:\/\/yoast.com\/wordpress\/plugins\/seo\/ -->\n<title>camposanto - PALENZVELA taller de arquitectura<\/title>\n<meta name=\"description\" content=\"estudio de arquitectura\" \/>\n<meta name=\"robots\" content=\"index, follow, max-snippet:-1, max-image-preview:large, max-video-preview:-1\" \/>\n<link rel=\"canonical\" href=\"https:\/\/antoniopalenzuela.com\/index.php\/camposanto\/\" \/>\n<meta property=\"og:locale\" content=\"es_ES\" \/>\n<meta property=\"og:type\" content=\"article\" \/>\n<meta property=\"og:title\" content=\"camposanto - PALENZVELA taller de arquitectura\" \/>\n<meta property=\"og:description\" content=\"estudio de arquitectura\" \/>\n<meta property=\"og:url\" content=\"https:\/\/antoniopalenzuela.com\/index.php\/camposanto\/\" \/>\n<meta property=\"og:site_name\" content=\"PALENZVELA taller de arquitectura\" \/>\n<meta property=\"article:modified_time\" content=\"2024-01-14T17:27:54+00:00\" \/>\n<meta property=\"og:image\" content=\"https:\/\/antoniopalenzuela.com\/wp-content\/uploads\/elementor\/thumbs\/PAL0023-foto001-1-scaled-p7fu8knusa5r4ouvuw00z4r79rbkinljicejb26npu.jpg\" \/>\n<meta name=\"twitter:card\" content=\"summary_large_image\" \/>\n<meta name=\"twitter:label1\" content=\"Tiempo de lectura\" \/>\n\t<meta name=\"twitter:data1\" content=\"5 minutos\" \/>\n<script type=\"application\/ld+json\" class=\"yoast-schema-graph\">{\"@context\":\"https:\/\/schema.org\",\"@graph\":[{\"@type\":\"WebSite\",\"@id\":\"https:\/\/antoniopalenzuela.com\/#website\",\"url\":\"https:\/\/antoniopalenzuela.com\/\",\"name\":\"PALENZVELA taller de arquitectura\",\"description\":\"antonio palenzuela navarro arquitecto\",\"potentialAction\":[{\"@type\":\"SearchAction\",\"target\":{\"@type\":\"EntryPoint\",\"urlTemplate\":\"https:\/\/antoniopalenzuela.com\/?s={search_term_string}\"},\"query-input\":\"required name=search_term_string\"}],\"inLanguage\":\"es\"},{\"@type\":\"ImageObject\",\"@id\":\"https:\/\/antoniopalenzuela.com\/index.php\/camposanto\/#primaryimage\",\"inLanguage\":\"es\",\"url\":\"https:\/\/antoniopalenzuela.com\/wp-content\/uploads\/elementor\/thumbs\/PAL0023-foto001-1-scaled-p7fu8knusa5r4ouvuw00z4r79rbkinljicejb26npu.jpg\",\"contentUrl\":\"https:\/\/antoniopalenzuela.com\/wp-content\/uploads\/elementor\/thumbs\/PAL0023-foto001-1-scaled-p7fu8knusa5r4ouvuw00z4r79rbkinljicejb26npu.jpg\"},{\"@type\":\"WebPage\",\"@id\":\"https:\/\/antoniopalenzuela.com\/index.php\/camposanto\/#webpage\",\"url\":\"https:\/\/antoniopalenzuela.com\/index.php\/camposanto\/\",\"name\":\"camposanto - PALENZVELA taller de arquitectura\",\"isPartOf\":{\"@id\":\"https:\/\/antoniopalenzuela.com\/#website\"},\"primaryImageOfPage\":{\"@id\":\"https:\/\/antoniopalenzuela.com\/index.php\/camposanto\/#primaryimage\"},\"datePublished\":\"2021-05-24T10:05:24+00:00\",\"dateModified\":\"2024-01-14T17:27:54+00:00\",\"description\":\"estudio de arquitectura\",\"breadcrumb\":{\"@id\":\"https:\/\/antoniopalenzuela.com\/index.php\/camposanto\/#breadcrumb\"},\"inLanguage\":\"es\",\"potentialAction\":[{\"@type\":\"ReadAction\",\"target\":[\"https:\/\/antoniopalenzuela.com\/index.php\/camposanto\/\"]}]},{\"@type\":\"BreadcrumbList\",\"@id\":\"https:\/\/antoniopalenzuela.com\/index.php\/camposanto\/#breadcrumb\",\"itemListElement\":[{\"@type\":\"ListItem\",\"position\":1,\"name\":\"Home\",\"item\":\"https:\/\/antoniopalenzuela.com\/\"},{\"@type\":\"ListItem\",\"position\":2,\"name\":\"camposanto\"}]}]}<\/script>\n<!-- \/ Yoast SEO plugin. -->","yoast_head_json":{"title":"camposanto - PALENZVELA taller de arquitectura","description":"estudio de arquitectura","robots":{"index":"index","follow":"follow","max-snippet":"max-snippet:-1","max-image-preview":"max-image-preview:large","max-video-preview":"max-video-preview:-1"},"canonical":"https:\/\/antoniopalenzuela.com\/index.php\/camposanto\/","og_locale":"es_ES","og_type":"article","og_title":"camposanto - PALENZVELA taller de arquitectura","og_description":"estudio de arquitectura","og_url":"https:\/\/antoniopalenzuela.com\/index.php\/camposanto\/","og_site_name":"PALENZVELA taller de arquitectura","article_modified_time":"2024-01-14T17:27:54+00:00","og_image":[{"url":"https:\/\/antoniopalenzuela.com\/wp-content\/uploads\/elementor\/thumbs\/PAL0023-foto001-1-scaled-p7fu8knusa5r4ouvuw00z4r79rbkinljicejb26npu.jpg"}],"twitter_card":"summary_large_image","twitter_misc":{"Tiempo de lectura":"5 minutos"},"schema":{"@context":"https:\/\/schema.org","@graph":[{"@type":"WebSite","@id":"https:\/\/antoniopalenzuela.com\/#website","url":"https:\/\/antoniopalenzuela.com\/","name":"PALENZVELA taller de arquitectura","description":"antonio palenzuela navarro arquitecto","potentialAction":[{"@type":"SearchAction","target":{"@type":"EntryPoint","urlTemplate":"https:\/\/antoniopalenzuela.com\/?s={search_term_string}"},"query-input":"required name=search_term_string"}],"inLanguage":"es"},{"@type":"ImageObject","@id":"https:\/\/antoniopalenzuela.com\/index.php\/camposanto\/#primaryimage","inLanguage":"es","url":"https:\/\/antoniopalenzuela.com\/wp-content\/uploads\/elementor\/thumbs\/PAL0023-foto001-1-scaled-p7fu8knusa5r4ouvuw00z4r79rbkinljicejb26npu.jpg","contentUrl":"https:\/\/antoniopalenzuela.com\/wp-content\/uploads\/elementor\/thumbs\/PAL0023-foto001-1-scaled-p7fu8knusa5r4ouvuw00z4r79rbkinljicejb26npu.jpg"},{"@type":"WebPage","@id":"https:\/\/antoniopalenzuela.com\/index.php\/camposanto\/#webpage","url":"https:\/\/antoniopalenzuela.com\/index.php\/camposanto\/","name":"camposanto - PALENZVELA taller de arquitectura","isPartOf":{"@id":"https:\/\/antoniopalenzuela.com\/#website"},"primaryImageOfPage":{"@id":"https:\/\/antoniopalenzuela.com\/index.php\/camposanto\/#primaryimage"},"datePublished":"2021-05-24T10:05:24+00:00","dateModified":"2024-01-14T17:27:54+00:00","description":"estudio de arquitectura","breadcrumb":{"@id":"https:\/\/antoniopalenzuela.com\/index.php\/camposanto\/#breadcrumb"},"inLanguage":"es","potentialAction":[{"@type":"ReadAction","target":["https:\/\/antoniopalenzuela.com\/index.php\/camposanto\/"]}]},{"@type":"BreadcrumbList","@id":"https:\/\/antoniopalenzuela.com\/index.php\/camposanto\/#breadcrumb","itemListElement":[{"@type":"ListItem","position":1,"name":"Home","item":"https:\/\/antoniopalenzuela.com\/"},{"@type":"ListItem","position":2,"name":"camposanto"}]}]}},"_links":{"self":[{"href":"https:\/\/antoniopalenzuela.com\/index.php\/wp-json\/wp\/v2\/pages\/18690"}],"collection":[{"href":"https:\/\/antoniopalenzuela.com\/index.php\/wp-json\/wp\/v2\/pages"}],"about":[{"href":"https:\/\/antoniopalenzuela.com\/index.php\/wp-json\/wp\/v2\/types\/page"}],"author":[{"embeddable":true,"href":"https:\/\/antoniopalenzuela.com\/index.php\/wp-json\/wp\/v2\/users\/1"}],"replies":[{"embeddable":true,"href":"https:\/\/antoniopalenzuela.com\/index.php\/wp-json\/wp\/v2\/comments?post=18690"}],"version-history":[{"count":115,"href":"https:\/\/antoniopalenzuela.com\/index.php\/wp-json\/wp\/v2\/pages\/18690\/revisions"}],"predecessor-version":[{"id":19877,"href":"https:\/\/antoniopalenzuela.com\/index.php\/wp-json\/wp\/v2\/pages\/18690\/revisions\/19877"}],"wp:attachment":[{"href":"https:\/\/antoniopalenzuela.com\/index.php\/wp-json\/wp\/v2\/media?parent=18690"}],"curies":[{"name":"wp","href":"https:\/\/api.w.org\/{rel}","templated":true}]}}